{"id":9915,"date":"2020-09-18T12:33:44","date_gmt":"2020-09-18T10:33:44","guid":{"rendered":"https:\/\/hgdgmbh.de\/ordermesse\/?page_id=9915"},"modified":"2024-10-09T07:50:32","modified_gmt":"2024-10-09T05:50:32","slug":"informationen-fuer-lieferanten","status":"publish","type":"page","link":"https:\/\/hgdgmbh.de\/ordermesse\/informationen-fuer-lieferanten\/","title":{"rendered":"Informationen f\u00fcr Lieferanten"},"content":{"rendered":"<div class=\"wpb-content-wrapper\">[vc_section full_width=&#8221;stretch_row&#8221; css=&#8221;.vc_custom_1587393003928{padding-top: 0px !important;background-color: #efefef !important;}&#8221;][vc_row full_width=&#8221;stretch_row_content&#8221; fullwidth=&#8221;yes&#8221;][vc_column][\/vc_column][\/vc_row][\/vc_section][vc_section full_width=&#8221;stretch_row&#8221; css=&#8221;.vc_custom_1590666240313{padding-top: 100px !important;padding-bottom: 100px !important;background-color: #efefef !important;}&#8221; el_id=&#8221;einstieg&#8221;][vc_row][vc_column]<div class=\"shortcode-wrapper shortcode-title clearfix hgd\"><h1 class=\"aligncenter\">Informationen f\u00fcr Lieferanten.<\/h1><\/div>[vc_single_image image=&#8221;6169&#8243; img_size=&#8221;60&#215;8&#8243; alignment=&#8221;center&#8221;][\/vc_column][\/vc_row][vc_row][vc_column]<div class=\"faq-module-wrapper\">\t\t\t\t<div id=\"download-orders%c3%a4tze\" class=\"hb-toggle lieferanten\">\n\t\t\t\t\t<div class=\"hb-accordion-single\">\n\n\t\t\t\t\t\t<div class=\"hb-accordion-tab\">\n\t\t\t\t\t\t\t<i class=\"hb-moon-plus-circle\"><\/i>\n\t\t\t\t\t\t\tDownload &#8211; Orders\u00e4tze\t\t\t\t\t\t\t<i class=\"icon-angle-right\"><\/i>\n\t\t\t\t\t\t<\/div>\n\n\t\t\t\t\t\t<div class=\"hb-accordion-pane\" style=\"display: none;\">\n\t\t\t\t\t\t\t<p>Die Orders\u00e4tze werden auf der virtuellen Messeplattform im Hauptnavigationspunkt <strong>\u201e<\/strong><strong>Download&#8221;<\/strong> bereitgestellt. Die Orders\u00e4tze k\u00f6nnen hier von Kunden eingesehen und heruntergeladen werden. Zudem ist der Ordersatz eines jeden Ausstellers auf dessen Profil \u00fcber den <strong>Button Ordersatz<\/strong> verlinkt.<\/p>\n<p>Berechtigung zum Einsehen und Download der Orders\u00e4tze erhalten ausschlie\u00dflich HGD Kunden. <strong>Aussteller erhalten auf der virtuelle Messeplattform keinen Zugriff auf die Orders\u00e4tze.<\/strong><\/p>\n<p>Der finale Ordersatz wurde dem Aussteller vom verantwortlichen HGD Sortimentsmanager vorab per E-Mail zur Verf\u00fcgung gestellt. Die Orders\u00e4tze k\u00f6nnen zum Zweck der Bestellausl\u00f6sung von den Kunden lokal abgespeichert werden. Es ist jedoch untersagt, die Orders\u00e4tze an Dritte weiterzugeben.<\/p>\n\t\t\t\t\t\t<\/div>\n\t\t\t\t\t<\/div>\n\t\t\t\t<\/div>\n\t\t\t\t\t\t\t\t<div id=\"bestellprozess-bestellzeitraum-und-bestellausl%c3%b6sung\" class=\"hb-toggle lieferanten\">\n\t\t\t\t\t<div class=\"hb-accordion-single\">\n\n\t\t\t\t\t\t<div class=\"hb-accordion-tab\">\n\t\t\t\t\t\t\t<i class=\"hb-moon-plus-circle\"><\/i>\n\t\t\t\t\t\t\tBestellprozess, Bestellzeitraum und Bestellausl\u00f6sung\t\t\t\t\t\t\t<i class=\"icon-angle-right\"><\/i>\n\t\t\t\t\t\t<\/div>\n\n\t\t\t\t\t\t<div class=\"hb-accordion-pane\" style=\"display: none;\">\n\t\t\t\t\t\t\t<div class=\"wpb-content-wrapper\">[vc_row][vc_column][vc_column_text css=&#8221;&#8221;]Bestellungen unter Ber\u00fccksichtigung der vereinbarten Messekonditionen sind ausschlie\u00dflich w\u00e4hrend des Messezeitraums m\u00f6glich.<\/p>\n<p>Der verhandelte Messerabatt gilt daher ausschlie\u00dflich f\u00fcr Bestellungen im Zeitraum vom <strong>14.10. \u2013 26.10.2024<\/strong>.<\/p>\n<p>Der Bestellweg ist dem Ordersatz zu entnehmen. Aus der Bestellung muss hervorgehen, dass es sich um eine Bestellung handelt, die im Rahmen der HGD Ordermesse erfolgt. Dazu muss entweder die Ordersatznummer angegeben werden oder ein schriftlicher Verweis oder eine Bemerkung zur HGD Ordermesse erfolgen.[\/vc_column_text][\/vc_column][\/vc_row]\n<\/div>\t\t\t\t\t\t<\/div>\n\t\t\t\t\t<\/div>\n\t\t\t\t<\/div>\n\t\t\t\t\t\t\t\t<div id=\"kundenkontaktkontaktformular\" class=\"hb-toggle lieferanten\">\n\t\t\t\t\t<div class=\"hb-accordion-single\">\n\n\t\t\t\t\t\t<div class=\"hb-accordion-tab\">\n\t\t\t\t\t\t\t<i class=\"hb-moon-plus-circle\"><\/i>\n\t\t\t\t\t\t\tKundenkontakt\/Kontaktformular\t\t\t\t\t\t\t<i class=\"icon-angle-right\"><\/i>\n\t\t\t\t\t\t<\/div>\n\n\t\t\t\t\t\t<div class=\"hb-accordion-pane\" style=\"display: none;\">\n\t\t\t\t\t\t\t<div class=\"wpb-content-wrapper\">[vc_row][vc_column][vc_column_text css=&#8221;&#8221;]Kunden k\u00f6nnen auf verschiedene Weise w\u00e4hrend der virtuellen Ordermesse in Kontakt mit Lieferanten treten:<\/p>\n<ol>\n<li>Im Bereich <strong>\u201e<\/strong><strong>Ansprechpartner&#8221;<\/strong> auf jedem Messeprofil sind die vom Lieferanten ausgew\u00e4hlten Ansprechpartner f\u00fcr alle Fragen rund um Sortiment und Konditionen mit ihren <strong>Kontaktdaten<\/strong> aufgef\u00fchrt. In diesem Bereich ist ebenfalls der zust\u00e4ndige HGD Sortimentsmanager zu finden.<\/li>\n<li>In jedem Ausstellerprofil befindet sich im unteren Bereich ein <strong>Kontaktformular<\/strong>, das direkt an den Aussteller versendet wird. Hier wurde die vom Lieferanten angegebene Firmen-E-Mail-Adresse hinterlegt, weshalb Aussteller das Postfach w\u00e4hrend der Messewoche regelm\u00e4\u00dfig auf neue Anfragen \u00fcberpr\u00fcfen sollten.<\/li>\n<li>Im <strong>Adressblock<\/strong> sind zudem die allgemeinen Kontaktdaten des Lieferanten zu finden.<\/li>\n<\/ol>\n<p>&nbsp;<\/p>\n<p>Alle Aussteller der virtuellen HGD Ordermesse sind dazu angehalten, w\u00e4hrend des Messezeitraumes telefonisch gut erreichbar zu sein und eingehende E-Mails von Kunden zeitnah zu beantworten.<\/p>\n<p>Dies gilt f\u00fcr den folgenden Zeitraum:<br \/>\n<strong>14.10 &#8211; 25.10.2024<br \/>\n<\/strong><strong>Montag bis Freitag, jeweils von 08:00 bis 12:00 Uhr sowie von 13:00 bis 17:00 Uhr<\/strong><\/p>\n<p>Selbstverst\u00e4ndlich k\u00f6nnen Aussteller bei Anfragen auch \u00fcber andere Wege der Kommunikation, z.B. GoToMeeting, Skype, etc. mit Kunden in Kontakt treten.[\/vc_column_text][\/vc_column][\/vc_row]\n<\/div>\t\t\t\t\t\t<\/div>\n\t\t\t\t\t<\/div>\n\t\t\t\t<\/div>\n\t\t\t\t\t\t\t\t<div id=\"technische-voraussetzungen-f%c3%bcr-den-messebesuch\" class=\"hb-toggle faq kunden lieferanten\">\n\t\t\t\t\t<div class=\"hb-accordion-single\">\n\n\t\t\t\t\t\t<div class=\"hb-accordion-tab\">\n\t\t\t\t\t\t\t<i class=\"hb-moon-plus-circle\"><\/i>\n\t\t\t\t\t\t\tTechnische Voraussetzungen f\u00fcr den Messebesuch\t\t\t\t\t\t\t<i class=\"icon-angle-right\"><\/i>\n\t\t\t\t\t\t<\/div>\n\n\t\t\t\t\t\t<div class=\"hb-accordion-pane\" style=\"display: none;\">\n\t\t\t\t\t\t\t<div class=\"wpb-content-wrapper\">[vc_row][vc_column][vc_column_text css=&#8221;&#8221; el_class=&#8221;hgd_ul&#8221;]Die folgenden Browser k\u00f6nnen zur Nutzung der virtuellen Messeplattform verwendet werden:<\/p>\n<ul>\n<li>Microsoft Edge<\/li>\n<li>Google Chrome<\/li>\n<li>Mozilla Firefox<\/li>\n<li>Apple Safari<\/li>\n<\/ul>\n<p>&nbsp;<\/p>\n<p>Wir empfehlen die Verwendung von Microsoft Edge oder Google Chrome. Grunds\u00e4tzlich empfehlen wir, immer <strong>die aktuellste Version des gew\u00e4hlten Browsers<\/strong> zu benutzen.<\/p>\n<p>F\u00fcr die Nutzung der Seite ist die \u00fcblicherweise von den Netzbetreibern angebotene Bandbreite im Normalfall ausreichend. Bei niedrigen Bandbreiten kann z.B. beim Abspielen von Videos oder dem Download von Pr\u00e4sentationen das Nutzungserlebnis beeintr\u00e4chtigt sein.[\/vc_column_text][\/vc_column][\/vc_row]\n<\/div>\t\t\t\t\t\t<\/div>\n\t\t\t\t\t<\/div>\n\t\t\t\t<\/div>\n\t\t\t\t\t\t\t\t<div id=\"messebesucher-der-hgd-ordermesse\" class=\"hb-toggle lieferanten\">\n\t\t\t\t\t<div class=\"hb-accordion-single\">\n\n\t\t\t\t\t\t<div class=\"hb-accordion-tab\">\n\t\t\t\t\t\t\t<i class=\"hb-moon-plus-circle\"><\/i>\n\t\t\t\t\t\t\tMessebesucher der HGD Ordermesse\t\t\t\t\t\t\t<i class=\"icon-angle-right\"><\/i>\n\t\t\t\t\t\t<\/div>\n\n\t\t\t\t\t\t<div class=\"hb-accordion-pane\" style=\"display: none;\">\n\t\t\t\t\t\t\t<p>Die virtuelle Messeplattform ist nicht \u00fcber einen \u00f6ffentlichen Link zug\u00e4nglich bzw. ohne Login zu erreichen. Alle Anmeldungen wurden personalisiert vorgenommen und als Messebesucher sind ausschlie\u00dflich HGD Kunden und Gesch\u00e4ftspartner zugelassen.<\/p>\n\t\t\t\t\t\t<\/div>\n\t\t\t\t\t<\/div>\n\t\t\t\t<\/div>\n\t\t\t\t<\/div>[\/vc_column][\/vc_row][\/vc_section]\n<\/div>","protected":false},"excerpt":{"rendered":"<p>[vc_section full_width=&#8221;stretch_row&#8221; css=&#8221;.vc_custom_1587393003928{padding-top: 0px !important;background-color: #efefef !important;}&#8221;][vc_row full_width=&#8221;stretch_row_content&#8221; fullwidth=&#8221;yes&#8221;][vc_column][\/vc_column][\/vc_row][\/vc_section][vc_section full_width=&#8221;stretch_row&#8221; css=&#8221;.vc_custom_1590666240313{padding-top: 100px !important;padding-bottom: 100px !important;background-color: #efefef !important;}&#8221; el_id=&#8221;einstieg&#8221;][vc_row][vc_column][vc_single_image image=&#8221;6169&#8243; img_size=&#8221;60&#215;8&#8243; [&hellip;]<\/p>\n","protected":false},"author":9,"featured_media":0,"parent":0,"menu_order":5,"comment_status":"closed","ping_status":"closed","template":"","meta":{"footnotes":""},"class_list":["post-9915","page","type-page","status-publish","hentry"],"_links":{"self":[{"href":"https:\/\/hgdgmbh.de\/ordermesse\/wp-json\/wp\/v2\/pages\/9915","targetHints":{"allow":["GET"]}}],"collection":[{"href":"https:\/\/hgdgmbh.de\/ordermesse\/wp-json\/wp\/v2\/pages"}],"about":[{"href":"https:\/\/hgdgmbh.de\/ordermesse\/wp-json\/wp\/v2\/types\/page"}],"author":[{"embeddable":true,"href":"https:\/\/hgdgmbh.de\/ordermesse\/wp-json\/wp\/v2\/users\/9"}],"replies":[{"embeddable":true,"href":"https:\/\/hgdgmbh.de\/ordermesse\/wp-json\/wp\/v2\/comments?post=9915"}],"version-history":[{"count":8,"href":"https:\/\/hgdgmbh.de\/ordermesse\/wp-json\/wp\/v2\/pages\/9915\/revisions"}],"predecessor-version":[{"id":22229,"href":"https:\/\/hgdgmbh.de\/ordermesse\/wp-json\/wp\/v2\/pages\/9915\/revisions\/22229"}],"wp:attachment":[{"href":"https:\/\/hgdgmbh.de\/ordermesse\/wp-json\/wp\/v2\/media?parent=9915"}],"curies":[{"name":"wp","href":"https:\/\/api.w.org\/{rel}","templated":true}]}}