{"id":8207,"date":"2020-10-02T13:01:05","date_gmt":"2020-10-02T11:01:05","guid":{"rendered":"https:\/\/hgdgmbh.de\/ordermesse\/?page_id=8207"},"modified":"2024-10-09T13:14:10","modified_gmt":"2024-10-09T11:14:10","slug":"cfh-loet-und-gasgeraete-gmbh","status":"publish","type":"page","link":"https:\/\/hgdgmbh.de\/ordermesse\/aussteller\/sortimente\/gartenarbeit\/cfh-loet-und-gasgeraete-gmbh\/","title":{"rendered":"CFH L\u00f6t- und Gasger\u00e4te GmbH"},"content":{"rendered":"<div class=\"wpb-content-wrapper\">[vc_section full_width=&#8221;stretch_row&#8221; css=&#8221;.vc_custom_1591967561892{padding-top: 100px !important;background-color: #efefef !important;background-position: center !important;background-repeat: no-repeat !important;background-size: cover !important;}&#8221; el_id=&#8221;portrait&#8221;][vc_row fullwidth=&#8221;yes&#8221;][vc_column]<div class=\"shortcode-wrapper shortcode-title clearfix hgd_nocaps\"><h1 class=\"aligncenter\">CFH L\u00f6t- und Gasger\u00e4te GmbH<\/h1><\/div>[vc_single_image image=&#8221;6169&#8243; img_size=&#8221;60&#215;8&#8243; alignment=&#8221;center&#8221;][\/vc_column][\/vc_row][vc_row css=&#8221;.vc_custom_1592298274458{margin-bottom: 50px !important;}&#8221;][vc_column width=&#8221;3\/4&#8243; css=&#8221;.vc_custom_1592382394045{margin-bottom: 100px !important;}&#8221;][vc_column_text css=&#8221;.vc_custom_1634222925707{padding-top: 20px !important;padding-right: 20px !important;padding-bottom: 50px !important;padding-left: 20px !important;background-color: #ffffff !important;background-position: center !important;background-repeat: no-repeat !important;background-size: cover !important;}&#8221; el_class=&#8221;hgd_ul&#8221;]<strong>CFH &#8211; Qualit\u00e4t die verbindet.<\/strong><\/p>\n<p><strong>Mehr als 30 Jahre Erfahrung. \u00dcber 100 Mitarbeiter. <\/strong><br \/>\n<strong>Ein Ziel: Allen Handwerkern und qualit\u00e4tsbewussten Heimwerkern der bestm\u00f6gliche Partner zu <\/strong><br \/>\n<strong>sein.<\/strong><\/p>\n<p>Das erreichen wir bei CFH mit unserem umfangreichen, hochqualitativen Produkt- und Service-Angebot in den Bereichen: L\u00f6ten und Schwei\u00dfen, Abflammtechnik, Unkrautbek\u00e4mpfung, Camping<br \/>\nund Freizeit und Sanit\u00e4r.<\/p>\n<p><strong>Nachhaltig in jeder Beziehung<br \/>\n<\/strong><br \/>\nF\u00fcr viele nur Worte, f\u00fcr uns gelebter Alltag: Echte Nachhaltigkeit. Wie sich diese zeigt?<\/p>\n<p>Zum Beispiel hier:<\/p>\n<ul>\n<li><strong>Nachhaltig vertrauensvoll:<\/strong> Als Familienunternehmen setzen wir auf Kontinuit\u00e4t, Zuverl\u00e4ssigkeit und<br \/>\nfaires Miteinander<\/li>\n<li><strong>Nachhaltig umweltbewusst:<\/strong> Wo immer m\u00f6glich, verzichten wir in unseren Verpackungen auf<br \/>\nKunststoff<\/li>\n<li><strong>Nachhaltig besser:<\/strong> Unsere Produkte entwickeln wir konstant weiter &#8211; denn f\u00fcr unsere Kunden ist<br \/>\nnur das Beste gut genug<\/li>\n<li><strong>Nachhaltig ganzheitlich:<\/strong> Soweit wie m\u00f6glich, produzieren, komplettieren und verpacken wir all<br \/>\nunsere Produkte in Offenau bei Heilbronn<\/li>\n<\/ul>\n<p>&nbsp;<\/p>\n<p>Das und mehr tun wir f\u00fcr Ihre Zufriedenheit. Nehmen Sie uns gerne beim Wort![\/vc_column_text][vc_tta_accordion shape=&#8221;square&#8221; color=&#8221;white&#8221; c_icon=&#8221;chevron&#8221; c_position=&#8221;right&#8221; active_section=&#8221;3&#8243; collapsible_all=&#8221;true&#8221;][vc_tta_section i_icon_fontawesome=&#8221;fas fa-file&#8221; add_icon=&#8221;true&#8221; title=&#8221;Orders\u00e4tze&#8221; tab_id=&#8221;1602353453352-6e98e464-1056&#8243;]                <div id=\"wpdmtree\"><\/div>       <link rel=\"stylesheet\" href=\"https:\/\/hgdgmbh.de\/ordermesse\/wp-content\/plugins\/wpdm-extended-shortcodes\/css\/jqueryFileTree.css\" \/>              <div id=\"tree69e5e51f17a6d\"><\/div>    <script>        jQuery( function($) {                 var nw = 0;            $.getScript('https:\/\/hgdgmbh.de\/ordermesse\/wp-content\/plugins\/wpdm-extended-shortcodes\/js\/jqueryFileTree.js', function() {              $('#tree69e5e51f17a6d').fileTree({                script: 'https:\/\/hgdgmbh.de\/ordermesse\/?task=wpdm_tree&params=L2TQ_9D6_sY--YME172nkc03nM5PjfbLoo7ifcCwxKk0BPzsPrHXwlnMOHholAp1HV2lUMbqYWHWubNmZtihFZNgvQzBph7gABmQzAwFeZLte5DjWaz4V1XLPX3UxRRn8Qjf072JjyHsGfVfTMQImDX7v8TfVYZkod9FTnPhp7U',                 expandSpeed: 1000,                collapseSpeed: 1000,                root: '454',                multiFolder: false            }, function(file) {               if(nw === 1)                window.open(file);                else                location.href = file;                          });            });                    });    <\/script>    [\/vc_tta_section][\/vc_tta_accordion][\/vc_column][vc_column width=&#8221;1\/4&#8243; css=&#8221;.vc_custom_1592299681971{padding-bottom: 10px !important;background-color: #ffffff !important;}&#8221;][vc_btn title=&#8221;Kontakt&#8221; style=&#8221;outline&#8221; align=&#8221;left&#8221; i_icon_fontawesome=&#8221;fas fa-envelope&#8221; button_block=&#8221;true&#8221; add_icon=&#8221;true&#8221; link=&#8221;url:%23kontakt|||&#8221;]<div class=\"shortcode-wrapper shortcode-spacer clearfix\"><div class=\"spacer\"><\/div><\/div><div class=\"shortcode-wrapper shortcode-spacer clearfix\"><div class=\"spacer\"><\/div><\/div>[\/vc_column][\/vc_row][\/vc_section][vc_section full_width=&#8221;stretch_row&#8221; css=&#8221;.vc_custom_1590595029268{padding-top: 75px !important;}&#8221; el_id=&#8221;media&#8221;][vc_row][vc_column][vc_media_grid style=&#8221;pagination&#8221; items_per_page=&#8221;4&#8243; element_width=&#8221;3&#8243; gap=&#8221;30&#8243; paging_design=&#8221;none&#8221; loop=&#8221;yes&#8221; autoplay=&#8221;5&#8243; grid_id=&#8221;vc_gid:1697702756194-ff7e2fea-09be-10&#8243; include=&#8221;21971,18526,18525,18524&#8243; paging_animation_in=&#8221;fadeIn&#8221; paging_animation_out=&#8221;fadeOut&#8221;][\/vc_column][\/vc_row][\/vc_section][vc_section full_width=&#8221;stretch_row&#8221; css=&#8221;.vc_custom_1592470158390{padding-top: 100px !important;background-image: url(https:\/\/hgdgmbh.de\/ordermesse\/wp-content\/uploads\/sites\/4\/2020\/06\/shutterstock_1420642463-heller-1024x683_bearb.png?id=7301) !important;background-position: center !important;background-repeat: no-repeat !important;background-size: cover !important;}&#8221; el_id=&#8221;kontakt&#8221;][vc_row][vc_column]<div class=\"shortcode-wrapper shortcode-title clearfix hgd\"><h1 class=\"aligncenter\">Kontaktieren Sie uns.<\/h1><\/div>[vc_single_image image=&#8221;6169&#8243; img_size=&#8221;60&#215;8&#8243; alignment=&#8221;center&#8221;]<div class=\"shortcode-wrapper shortcode-spacer clearfix\"><div class=\"spacer\"><\/div><\/div>[\/vc_column][\/vc_row][vc_row][vc_column width=&#8221;1\/3&#8243;][\/vc_column][vc_column width=&#8221;1\/3&#8243;]<div class=\"shortcode-wrapper shortcode-icon-box clearfix \" data-delay=\"\u201d0\u2033\"><div class=\"content-box top-icon\"><i class=\"hb-moon-location-5 box-icon\"><\/i><div class=\"aligncenter\">\n<p style=\"text-align: center;\"><strong>CFH L\u00f6t- und Gasger\u00e4te GmbH<\/strong><\/p>\n<p style=\"text-align: center;\">Bahnhofstr. 50, 74254 Offenau<\/p>\n<p style=\"text-align: center;\">Telefon +49 713 6959 40<br \/>\nE-Mail<a href=\"mailto:sommer.susanne@cfh-gmbh.de\"> sommer.susanne@cfh-gmbh.de<\/a><\/p>\n<\/div><\/div><\/div>[\/vc_column][vc_column width=&#8221;1\/3&#8243;][\/vc_column][\/vc_row][vc_row][vc_column width=&#8221;1\/3&#8243;][vc_row_inner][vc_column_inner]<div class=\"shortcode-wrapper shortcode-icon-box clearfix \" data-delay=\"\u201d0\u2033\"><div class=\"content-box top-icon\"><i class=\"hb-moon-users box-icon\"><\/i><div class=\"aligncenter\"><h4 class=\"semi-bold\">Ansprechpartner<\/h4>\n<p style=\"text-align: center;\">Unsere Ansprechpartner sind f\u00fcr Sie da.<\/p>\n<div style=\"text-align: center;\"><a href=\"#ansprechpartner\"><button class=\"hgd_button\">Kontaktieren Sie uns<\/button><\/a><\/div>\n<\/div><\/div><\/div>[\/vc_column_inner][\/vc_row_inner][\/vc_column][vc_column width=&#8221;1\/3&#8243;]<div class=\"shortcode-wrapper shortcode-icon-box clearfix \" data-delay=\"\u201d0\u2033\"><div class=\"content-box top-icon\"><i class=\"icon-envelope box-icon\"><\/i><div class=\"aligncenter\"><h4 class=\"semi-bold\">Kontaktformular<\/h4>\n<p style=\"text-align: center;\">Sie haben Fragen? Kontaktieren Sie uns einfach.<\/p>\n<div style=\"text-align: center;\"><a href=\"#kontaktformular\"><button class=\"hgd_button\">Schreiben Sie uns<\/button><\/a><\/div>\n<\/div><\/div><\/div>[\/vc_column][vc_column width=&#8221;1\/3&#8243;]<div class=\"shortcode-wrapper shortcode-icon-box clearfix \" data-delay=\"\u201d0\u2033\"><div class=\"content-box top-icon\"><i class=\"hb-moon-globe box-icon\"><\/i><div class=\"aligncenter\"><h4 class=\"semi-bold\">Firmen-Website<\/h4>\n<p style=\"text-align: center;\">Hier geht&#8217;s zur Webseite.<\/p>\n<div style=\"text-align: center;\"><a href=\"http:\/\/www.cfh-gmbh.de\" target=\"_blank\" rel=\"noopener\"><button class=\"hgd_button\">Webseite<\/button><\/a><\/div>\n<div><\/div>\n<div><\/div>\n<\/div><\/div><\/div>[\/vc_column][\/vc_row][\/vc_section][vc_section full_width=&#8221;stretch_row&#8221; css=&#8221;.vc_custom_1590604843859{padding-top: 100px !important;background-color: #efefef !important;}&#8221; el_id=&#8221;ansprechpartner&#8221;][vc_row][vc_column]<div class=\"shortcode-wrapper shortcode-title clearfix hgd\"><h1 class=\"aligncenter\">Ansprechpartner.<\/h1><\/div>[vc_single_image image=&#8221;6169&#8243; img_size=&#8221;60&#215;8&#8243; alignment=&#8221;center&#8221;][\/vc_column][\/vc_row][vc_row][vc_column]<div class=\"shortcode-wrapper shortcode-team-member-box \"><div class=\"row\"><div class=\"col-3\">\n\t\t<div class=\"team-member-box tmb-2\">\n\t\t\t\t\t\t\t\t\t\n\t\t\t<div class=\"team-member-img\">\n\n\t\t\t\t<img decoding=\"async\" src=\"https:\/\/hgdgmbh.de\/ordermesse\/wp-content\/uploads\/sites\/4\/2020\/09\/shutterstock_438752188_Frau_NEU_grau-350x350.jpg\" alt=\"Susanne Sommer\"\/>\n\t\t\t\t\t\t\t\t\t\t<ul class=\"social-icons dark\">\n\t\t\t\t\t\n\t\t\t\t\t\t\n\t\t\t\t\t\t\t\n\t\t\t\t\t\t\t<li class=\"envelop\">\n\n\t\t\t\t\t\t\t\t\t\t\t\t\t\t\t\t\t<a href=\"mailto:Sommer.Susanne@cfh-gmbh.de\">\n\t\t\t\t\t\t\t\t\t\t<i class=\"hb-moon-envelop\"><\/i>\n\t\t\t\t\t\t\t\t\t\t<i class=\"hb-moon-envelop\"><\/i>\n\t\t\t\t\t\t\t\t\t<\/a>\n\t\t\t\t\t\t\t\t\n\t\t\t\t\t\t\t<\/li>\n\n\t\t\t\t\t\t\n\t\t\t\t\t\t\t\n\t\t\t\t\t\t\t\n\t\t\t\t\t\t\t\n\t\t\t\t\t\t\t\n\t\t\t\t\t\t\t\n\t\t\t\t\t\t\t\n\t\t\t\t\t\t\t\n\t\t\t\t\t\t\t\n\t\t\t\t\t\t\t\n\t\t\t\t\t\t\t\n\t\t\t\t\t\t\t\n\t\t\t\t\t\t\t\n\t\t\t\t\t\t\t\n\t\t\t\t\t\t\t\n\t\t\t\t\t\t\t\n\t\t\t\t\t\t\t\n\t\t\t\t\t\t\t\n\t\t\t\t\t\t\t\n\t\t\t\t\t\t\t\n\t\t\t\t\t\t\t\n\t\t\t\t\t\t\t\n\t\t\t\t\t\t\t\n\t\t\t\t\t\t\t\n\t\t\t\t\t\t\t\n\t\t\t\t\t\t\t\n\t\t\t\t\t\t\t\n\t\t\t\t\t\t\t\n\t\t\t\t\t\t\t\n\t\t\t\t\t\t\t\n\t\t\t\t\t\t\t\n\t\t\t\t\t\t\t\n\t\t\t\t\t\t\t\n\t\t\t\t\t\t\t\n\t\t\t\t\t\t\t\n\t\t\t\t\t\t\t\t\t\t\t\t<\/ul>\n\t\t\t\t\t\n\t\t\t\t\t\t\t<\/div><!-- END .team-member-img -->\n\t\t\t\t\t\t\t\t\t\t\n\t\t\t<div class=\"team-member-description\">\n\n\t\t\t\t<div class=\"team-header-info clearfix\">\n\n\t\t\t\t\t<div class=\"team-name\">\n\t\t\t\t\t\t<h4 class=\"team-member-name\"><a href=\"https:\/\/hgdgmbh.de\/ordermesse\/team\/susanne-sommer\/\">Susanne Sommer<\/a><\/h4>\n\n\t\t\t\t\t\t\t\t\t\t\t\t\t<p class=\"team-position\">Vertrieb \/ Marketing<\/p>\n\t\t\t\t\t\t\t\t\t\t\t<\/div><!-- END .team-name -->\n\t\t\t\t\t\t\t\t\t\t\t\t\n\t\t\t\t\t\t\t\t\t\t\t\t\n\t\t\t\t<\/div><!-- END .team-header-info -->\n\n\t\t\t\t\n\t\t\t\t\t<div class=\"spacer\" style=\"height:10px;\"><\/div>\n\t\t\t\t\t<div class=\"team-member-content\">\n\t\t\t\t\t\t<div class=\"spacer\" style=\"height:15px;\"><\/div><p class=\"nbm\">+49 713 6959 456<\/p>\t\t\t\t\t<\/div><!-- END .team-member-content -->\n\t\t\t\t\n\t\t\t\t<a class=\"simple-read-more\" href=\"https:\/\/hgdgmbh.de\/ordermesse\/team\/susanne-sommer\/\" target=\"_self\">View Profile<\/a>\n\t\t\t<\/div><!-- END .team-member-description -->\t\n\n\t\t<\/div><!-- END .team-member-box -->\n\n\t\t<\/div><div class=\"col-3\">\n\t\t<div class=\"team-member-box tmb-2\">\n\t\t\t\t\t\t\t\t\t\n\t\t\t<div class=\"team-member-img\">\n\n\t\t\t\t<img decoding=\"async\" src=\"https:\/\/hgdgmbh.de\/ordermesse\/wp-content\/uploads\/sites\/4\/2020\/10\/Michael-Gysinn-e1602070544470-350x350.jpg\" alt=\"Michael Gysinn\"\/>\n\t\t\t\t\t\t\t\t\t\t<ul class=\"social-icons dark\">\n\t\t\t\t\t\n\t\t\t\t\t\t\n\t\t\t\t\t\t\t\n\t\t\t\t\t\t\t<li class=\"envelop\">\n\n\t\t\t\t\t\t\t\t\t\t\t\t\t\t\t\t\t<a href=\"mailto:Gysinn.Michael@cfh-gmbh.de\">\n\t\t\t\t\t\t\t\t\t\t<i class=\"hb-moon-envelop\"><\/i>\n\t\t\t\t\t\t\t\t\t\t<i class=\"hb-moon-envelop\"><\/i>\n\t\t\t\t\t\t\t\t\t<\/a>\n\t\t\t\t\t\t\t\t\n\t\t\t\t\t\t\t<\/li>\n\n\t\t\t\t\t\t\n\t\t\t\t\t\t\t\n\t\t\t\t\t\t\t\n\t\t\t\t\t\t\t\n\t\t\t\t\t\t\t\n\t\t\t\t\t\t\t\n\t\t\t\t\t\t\t\n\t\t\t\t\t\t\t\n\t\t\t\t\t\t\t\n\t\t\t\t\t\t\t\n\t\t\t\t\t\t\t\n\t\t\t\t\t\t\t\n\t\t\t\t\t\t\t\n\t\t\t\t\t\t\t\n\t\t\t\t\t\t\t\n\t\t\t\t\t\t\t\n\t\t\t\t\t\t\t\n\t\t\t\t\t\t\t\n\t\t\t\t\t\t\t\n\t\t\t\t\t\t\t\n\t\t\t\t\t\t\t\n\t\t\t\t\t\t\t\n\t\t\t\t\t\t\t\n\t\t\t\t\t\t\t\n\t\t\t\t\t\t\t\n\t\t\t\t\t\t\t\n\t\t\t\t\t\t\t\n\t\t\t\t\t\t\t\n\t\t\t\t\t\t\t\n\t\t\t\t\t\t\t\n\t\t\t\t\t\t\t\n\t\t\t\t\t\t\t\n\t\t\t\t\t\t\t\n\t\t\t\t\t\t\t\n\t\t\t\t\t\t\t\n\t\t\t\t\t\t\t\t\t\t\t\t<\/ul>\n\t\t\t\t\t\n\t\t\t\t\t\t\t<\/div><!-- END .team-member-img -->\n\t\t\t\t\t\t\t\t\t\t\n\t\t\t<div class=\"team-member-description\">\n\n\t\t\t\t<div class=\"team-header-info clearfix\">\n\n\t\t\t\t\t<div class=\"team-name\">\n\t\t\t\t\t\t<h4 class=\"team-member-name\"><a href=\"https:\/\/hgdgmbh.de\/ordermesse\/team\/michael-gysinn\/\">Michael Gysinn<\/a><\/h4>\n\n\t\t\t\t\t\t\t\t\t\t\t\t\t<p class=\"team-position\">Key Account Manager<\/p>\n\t\t\t\t\t\t\t\t\t\t\t<\/div><!-- END .team-name -->\n\t\t\t\t\t\t\t\t\t\t\t\t\n\t\t\t\t\t\t\t\t\t\t\t\t\n\t\t\t\t<\/div><!-- END .team-header-info -->\n\n\t\t\t\t\n\t\t\t\t\t<div class=\"spacer\" style=\"height:10px;\"><\/div>\n\t\t\t\t\t<div class=\"team-member-content\">\n\t\t\t\t\t\t<div class=\"spacer\" style=\"height:15px;\"><\/div><p class=\"nbm\">+491715119303<\/p>\t\t\t\t\t<\/div><!-- END .team-member-content -->\n\t\t\t\t\n\t\t\t\t<a class=\"simple-read-more\" href=\"https:\/\/hgdgmbh.de\/ordermesse\/team\/michael-gysinn\/\" target=\"_self\">View Profile<\/a>\n\t\t\t<\/div><!-- END .team-member-description -->\t\n\n\t\t<\/div><!-- END .team-member-box -->\n\n\t\t<\/div><div class=\"col-3\">\n\t\t<div class=\"team-member-box tmb-2\">\n\t\t\t\t\t\t\t\t\t\n\t\t\t<div class=\"team-member-img\">\n\n\t\t\t\t<img decoding=\"async\" src=\"https:\/\/hgdgmbh.de\/ordermesse\/wp-content\/uploads\/sites\/4\/2021\/10\/Ansprechpartner_Portrait_Brustbild_350x350px_Schuhmacher.jpg\" alt=\"Steven Schuhmacher\"\/>\n\t\t\t\t\t\t\t\t\t\t<ul class=\"social-icons dark\">\n\t\t\t\t\t\n\t\t\t\t\t\t\n\t\t\t\t\t\t\t\n\t\t\t\t\t\t\t<li class=\"envelop\">\n\n\t\t\t\t\t\t\t\t\t\t\t\t\t\t\t\t\t<a href=\"mailto:steven.schuhmacher@hgdgmbh.de\">\n\t\t\t\t\t\t\t\t\t\t<i class=\"hb-moon-envelop\"><\/i>\n\t\t\t\t\t\t\t\t\t\t<i class=\"hb-moon-envelop\"><\/i>\n\t\t\t\t\t\t\t\t\t<\/a>\n\t\t\t\t\t\t\t\t\n\t\t\t\t\t\t\t<\/li>\n\n\t\t\t\t\t\t\n\t\t\t\t\t\t\t\n\t\t\t\t\t\t\t\n\t\t\t\t\t\t\t\n\t\t\t\t\t\t\t\n\t\t\t\t\t\t\t\n\t\t\t\t\t\t\t\n\t\t\t\t\t\t\t\n\t\t\t\t\t\t\t\n\t\t\t\t\t\t\t\n\t\t\t\t\t\t\t\n\t\t\t\t\t\t\t\n\t\t\t\t\t\t\t\n\t\t\t\t\t\t\t\n\t\t\t\t\t\t\t\n\t\t\t\t\t\t\t\n\t\t\t\t\t\t\t\n\t\t\t\t\t\t\t\n\t\t\t\t\t\t\t\n\t\t\t\t\t\t\t\n\t\t\t\t\t\t\t\n\t\t\t\t\t\t\t\n\t\t\t\t\t\t\t\n\t\t\t\t\t\t\t\n\t\t\t\t\t\t\t\n\t\t\t\t\t\t\t\n\t\t\t\t\t\t\t\n\t\t\t\t\t\t\t\n\t\t\t\t\t\t\t\n\t\t\t\t\t\t\t\n\t\t\t\t\t\t\t\n\t\t\t\t\t\t\t\n\t\t\t\t\t\t\t\n\t\t\t\t\t\t\t\n\t\t\t\t\t\t\t\n\t\t\t\t\t\t\t\t\t\t\t\t<\/ul>\n\t\t\t\t\t\n\t\t\t\t\t\t\t<\/div><!-- END .team-member-img -->\n\t\t\t\t\t\t\t\t\t\t\n\t\t\t<div class=\"team-member-description\">\n\n\t\t\t\t<div class=\"team-header-info clearfix\">\n\n\t\t\t\t\t<div class=\"team-name\">\n\t\t\t\t\t\t<h4 class=\"team-member-name\"><a href=\"https:\/\/hgdgmbh.de\/ordermesse\/team\/steven-schuhmacher\/\">Steven Schuhmacher<\/a><\/h4>\n\n\t\t\t\t\t\t\t\t\t\t\t\t\t<p class=\"team-position\">HGD Sortimentsmanager<\/p>\n\t\t\t\t\t\t\t\t\t\t\t<\/div><!-- END .team-name -->\n\t\t\t\t\t\t\t\t\t\t\t\t\n\t\t\t\t\t\t\t\t\t\t\t\t\n\t\t\t\t<\/div><!-- END .team-header-info -->\n\n\t\t\t\t\n\t\t\t\t\t<div class=\"spacer\" style=\"height:10px;\"><\/div>\n\t\t\t\t\t<div class=\"team-member-content\">\n\t\t\t\t\t\t<div class=\"spacer\" style=\"height:15px;\"><\/div><p class=\"nbm\">[vc_row][vc_column][vc_column_text]Tel.: +49 721 352-1839[\/vc_column_text][\/vc_column][\/vc_row]<\/p>\t\t\t\t\t<\/div><!-- END .team-member-content -->\n\t\t\t\t\n\t\t\t\t<a class=\"simple-read-more\" href=\"https:\/\/hgdgmbh.de\/ordermesse\/team\/steven-schuhmacher\/\" target=\"_self\">View Profile<\/a>\n\t\t\t<\/div><!-- END .team-member-description -->\t\n\n\t\t<\/div><!-- END .team-member-box -->\n\n\t\t<\/div><\/div><\/div>[\/vc_column][\/vc_row][\/vc_section][vc_section full_width=&#8221;stretch_row&#8221; css=&#8221;.vc_custom_1592402279895{padding-top: 100px !important;background-image: url(https:\/\/hgdgmbh.de\/ordermesse\/wp-content\/uploads\/sites\/4\/2020\/06\/hg_radial.png?id=7298) !important;background-position: center !important;background-repeat: no-repeat !important;background-size: cover !important;}&#8221; el_id=&#8221;kontaktformular&#8221;][vc_row][vc_column]<div class=\"shortcode-wrapper shortcode-title clearfix hgd\"><h1 class=\"aligncenter\">Kontakt.<\/h1><\/div>[vc_single_image image=&#8221;6169&#8243; img_size=&#8221;60&#215;8&#8243; alignment=&#8221;center&#8221;]<div class=\"wpforms-container wpforms-container-full hgd_kontakt\" id=\"wpforms-8811\"><form id=\"wpforms-form-8811\" class=\"wpforms-validate wpforms-form\" data-formid=\"8811\" method=\"post\" enctype=\"multipart\/form-data\" action=\"\/ordermesse\/wp-json\/wp\/v2\/pages\/8207\" data-token=\"125308efff275d349511d23c28febc15\" data-token-time=\"1776674079\"><noscript class=\"wpforms-error-noscript\">Bitte aktivieren Sie JavaScript in Ihrem Browser, um dieses Formular fertigzustellen.<\/noscript><div class=\"wpforms-field-container\"><div id=\"wpforms-8811-field_0-container\" class=\"wpforms-field wpforms-field-name wpforms-one-half wpforms-first\" data-field-id=\"0\"><label class=\"wpforms-field-label wpforms-label-hide\" for=\"wpforms-8811-field_0\">Vorname <span class=\"wpforms-required-label\">*<\/span><\/label><input type=\"text\" id=\"wpforms-8811-field_0\" class=\"wpforms-field-large wpforms-field-required\" name=\"wpforms[fields][0]\" placeholder=\"Vorname *\" required><\/div><div id=\"wpforms-8811-field_6-container\" class=\"wpforms-field wpforms-field-name wpforms-one-half\" data-field-id=\"6\"><label class=\"wpforms-field-label wpforms-label-hide\" for=\"wpforms-8811-field_6\">Nachname <span class=\"wpforms-required-label\">*<\/span><\/label><input type=\"text\" id=\"wpforms-8811-field_6\" class=\"wpforms-field-large wpforms-field-required\" name=\"wpforms[fields][6]\" placeholder=\"Nachname *\" required><\/div><div id=\"wpforms-8811-field_3-container\" class=\"wpforms-field wpforms-field-name wpforms-one-half wpforms-first\" data-field-id=\"3\"><label class=\"wpforms-field-label wpforms-label-hide\" for=\"wpforms-8811-field_3\">Firma <span class=\"wpforms-required-label\">*<\/span><\/label><input type=\"text\" id=\"wpforms-8811-field_3\" class=\"wpforms-field-large wpforms-field-required\" name=\"wpforms[fields][3]\" placeholder=\"Firma *\" required><\/div><div id=\"wpforms-8811-field_5-container\" class=\"wpforms-field wpforms-field-name wpforms-one-half\" data-field-id=\"5\"><label class=\"wpforms-field-label wpforms-label-hide\" for=\"wpforms-8811-field_5\">Position <span class=\"wpforms-required-label\">*<\/span><\/label><input type=\"text\" id=\"wpforms-8811-field_5\" class=\"wpforms-field-large wpforms-field-required\" name=\"wpforms[fields][5]\" placeholder=\"Position *\" required><\/div><div id=\"wpforms-8811-field_8-container\" class=\"wpforms-field wpforms-field-name wpforms-one-half wpforms-first\" data-field-id=\"8\"><label class=\"wpforms-field-label wpforms-label-hide\" for=\"wpforms-8811-field_8\">PLZ <span class=\"wpforms-required-label\">*<\/span><\/label><input type=\"text\" id=\"wpforms-8811-field_8\" class=\"wpforms-field-large wpforms-field-required\" name=\"wpforms[fields][8]\" placeholder=\"PLZ *\" required><\/div><div id=\"wpforms-8811-field_7-container\" class=\"wpforms-field wpforms-field-name wpforms-one-half\" data-field-id=\"7\"><label class=\"wpforms-field-label wpforms-label-hide\" for=\"wpforms-8811-field_7\">Ort <span class=\"wpforms-required-label\">*<\/span><\/label><input type=\"text\" id=\"wpforms-8811-field_7\" class=\"wpforms-field-large wpforms-field-required\" name=\"wpforms[fields][7]\" placeholder=\"Ort *\" required><\/div><div id=\"wpforms-8811-field_1-container\" class=\"wpforms-field wpforms-field-email wpforms-one-half wpforms-first\" data-field-id=\"1\"><label class=\"wpforms-field-label wpforms-label-hide\" for=\"wpforms-8811-field_1\">E-Mail <span class=\"wpforms-required-label\">*<\/span><\/label><input type=\"email\" id=\"wpforms-8811-field_1\" class=\"wpforms-field-large wpforms-field-required\" name=\"wpforms[fields][1]\" placeholder=\"E-Mail *\" spellcheck=\"false\" required><\/div><div id=\"wpforms-8811-field_11-container\" class=\"wpforms-field wpforms-field-number wpforms-one-half\" data-field-id=\"11\"><label class=\"wpforms-field-label wpforms-label-hide\" for=\"wpforms-8811-field_11\">Telefon<\/label><input type=\"number\" id=\"wpforms-8811-field_11\" class=\"wpforms-field-large\" name=\"wpforms[fields][11]\" placeholder=\"Telefon *\" step=\"any\" ><\/div><div id=\"wpforms-8811-field_10-container\" class=\"wpforms-field wpforms-field-select wpforms-field-select-style-classic\" data-field-id=\"10\"><label class=\"wpforms-field-label wpforms-label-hide\" for=\"wpforms-8811-field_10\">Mein Anliegen <span class=\"wpforms-required-label\">*<\/span><\/label><select id=\"wpforms-8811-field_10\" class=\"wpforms-field-large wpforms-field-required\" name=\"wpforms[fields][10]\" required=\"required\"><option value=\"\" class=\"placeholder\" disabled  selected='selected'>Mein Anliegen *<\/option><option value=\"Produkt\"  class=\"choice-1 depth-1\"  >Produkt<\/option><option value=\"Sortiment\"  class=\"choice-2 depth-1\"  >Sortiment<\/option><option value=\"Terminvereinbarung\"  class=\"choice-3 depth-1\"  >Terminvereinbarung<\/option><option value=\"Sonstiges\"  class=\"choice-4 depth-1\"  >Sonstiges<\/option><\/select><\/div><div id=\"wpforms-8811-field_2-container\" class=\"wpforms-field wpforms-field-textarea\" data-field-id=\"2\"><label class=\"wpforms-field-label wpforms-label-hide\" for=\"wpforms-8811-field_2\">Ihre Nachricht <span class=\"wpforms-required-label\">*<\/span><\/label><textarea id=\"wpforms-8811-field_2\" class=\"wpforms-field-large wpforms-field-required\" name=\"wpforms[fields][2]\" placeholder=\"Ihre Nachricht *\" required><\/textarea><\/div><div id=\"wpforms-8811-field_14-container\" class=\"wpforms-field wpforms-field-checkbox\" data-field-id=\"14\"><ul id=\"wpforms-8811-field_14\" class=\"wpforms-field-required\"><li class=\"choice-1 depth-1\"><input type=\"checkbox\" id=\"wpforms-8811-field_14_1\" name=\"wpforms[fields][14][]\" value=\"Datenschutz (&lt;a href=&quot;..\/..\/..\/datenschutz&quot;&gt;Datenschutzerkl\u00e4rung lesen&lt;\/a&gt;)\" required ><label class=\"wpforms-field-label-inline\" for=\"wpforms-8811-field_14_1\">Datenschutz (<a href=\"..\/..\/..\/datenschutz\">Datenschutzerkl\u00e4rung lesen<\/a>)<\/label><\/li><\/ul><div class=\"wpforms-field-description\">Ich bin damit einverstanden, dass meine Daten f\u00fcr die gesetzlich zul\u00e4ssigen Zwecke verarbeitet und weitergeleitet werden. Ich habe die Hinweise zum Datenschutz gelesen und bin mit deren Geltung ausdr\u00fccklich einverstanden. <\/div><\/div><\/div><!-- .wpforms-field-container --><div class=\"wpforms-field wpforms-field-hp\"><label for=\"wpforms-8811-field-hp\" class=\"wpforms-field-label\">Website<\/label><input type=\"text\" name=\"wpforms[hp]\" id=\"wpforms-8811-field-hp\" class=\"wpforms-field-medium\"><\/div><div class=\"wpforms-submit-container\" ><input type=\"hidden\" name=\"wpforms[id]\" value=\"8811\"><input type=\"hidden\" name=\"page_title\" value=\"\"><input type=\"hidden\" name=\"page_url\" value=\"https:\/\/hgdgmbh.de\/ordermesse\/wp-json\/wp\/v2\/pages\/8207\"><input type=\"hidden\" name=\"url_referer\" value=\"\"><div class=\"frc-captcha \" data-sitekey=\"FCMQO1ONNA0PRRDA\" data-lang=\"de\" ><\/div>\n\t\t<noscript>You need to enable Javascript for the anti-spam check.<\/noscript><button type=\"submit\" name=\"wpforms[submit]\" id=\"wpforms-submit-8811\" class=\"wpforms-submit hgd_senden\" data-alt-text=\"senden...\" data-submit-text=\"absenden\" aria-live=\"assertive\" value=\"wpforms-submit\">absenden<\/button><\/div><\/form><\/div>  <!-- .wpforms-container -->[vc_column_text]* = Pflichtfeld[\/vc_column_text][\/vc_column][\/vc_row][\/vc_section]\n<\/div>","protected":false},"excerpt":{"rendered":"<p>[vc_section full_width=&#8221;stretch_row&#8221; css=&#8221;.vc_custom_1591967561892{padding-top: 100px !important;background-color: #efefef !important;background-position: center !important;background-repeat: no-repeat !important;background-size: cover !important;}&#8221; el_id=&#8221;portrait&#8221;][vc_row fullwidth=&#8221;yes&#8221;][vc_column][vc_single_image image=&#8221;6169&#8243; img_size=&#8221;60&#215;8&#8243; alignment=&#8221;center&#8221;][\/vc_column][\/vc_row][vc_row css=&#8221;.vc_custom_1592298274458{margin-bottom: 50px [&hellip;]<\/p>\n","protected":false},"author":4,"featured_media":0,"parent":7147,"menu_order":0,"comment_status":"closed","ping_status":"closed","template":"","meta":{"footnotes":""},"class_list":["post-8207","page","type-page","status-publish","hentry"],"_links":{"self":[{"href":"https:\/\/hgdgmbh.de\/ordermesse\/wp-json\/wp\/v2\/pages\/8207","targetHints":{"allow":["GET"]}}],"collection":[{"href":"https:\/\/hgdgmbh.de\/ordermesse\/wp-json\/wp\/v2\/pages"}],"about":[{"href":"https:\/\/hgdgmbh.de\/ordermesse\/wp-json\/wp\/v2\/types\/page"}],"author":[{"embeddable":true,"href":"https:\/\/hgdgmbh.de\/ordermesse\/wp-json\/wp\/v2\/users\/4"}],"replies":[{"embeddable":true,"href":"https:\/\/hgdgmbh.de\/ordermesse\/wp-json\/wp\/v2\/comments?post=8207"}],"version-history":[{"count":21,"href":"https:\/\/hgdgmbh.de\/ordermesse\/wp-json\/wp\/v2\/pages\/8207\/revisions"}],"predecessor-version":[{"id":27099,"href":"https:\/\/hgdgmbh.de\/ordermesse\/wp-json\/wp\/v2\/pages\/8207\/revisions\/27099"}],"up":[{"embeddable":true,"href":"https:\/\/hgdgmbh.de\/ordermesse\/wp-json\/wp\/v2\/pages\/7147"}],"wp:attachment":[{"href":"https:\/\/hgdgmbh.de\/ordermesse\/wp-json\/wp\/v2\/media?parent=8207"}],"curies":[{"name":"wp","href":"https:\/\/api.w.org\/{rel}","templated":true}]}}