{"id":8185,"date":"2020-10-07T15:21:09","date_gmt":"2020-10-07T13:21:09","guid":{"rendered":"https:\/\/hgdgmbh.de\/ordermesse\/?page_id=8185"},"modified":"2024-10-09T14:23:26","modified_gmt":"2024-10-09T12:23:26","slug":"westfa","status":"publish","type":"page","link":"https:\/\/hgdgmbh.de\/ordermesse\/aussteller\/sortimente\/gartenarbeit\/westfa\/","title":{"rendered":"WESTFA Flaschengas GmbH"},"content":{"rendered":"<div class=\"wpb-content-wrapper\">[vc_section full_width=&#8221;stretch_row&#8221; css=&#8221;.vc_custom_1591967561892{padding-top: 100px !important;background-color: #efefef !important;background-position: center !important;background-repeat: no-repeat !important;background-size: cover !important;}&#8221; el_id=&#8221;portrait&#8221;][vc_row fullwidth=&#8221;yes&#8221;][vc_column]<div class=\"shortcode-wrapper shortcode-title clearfix hgd_nocaps\"><h1 class=\"aligncenter\">WESTFA Flaschengas GmbH<\/h1><\/div>[vc_single_image image=&#8221;6169&#8243; img_size=&#8221;60&#215;8&#8243; alignment=&#8221;center&#8221;][\/vc_column][\/vc_row][vc_row css=&#8221;.vc_custom_1592298274458{margin-bottom: 50px !important;}&#8221;][vc_column width=&#8221;3\/4&#8243; css=&#8221;.vc_custom_1592382394045{margin-bottom: 100px !important;}&#8221;][vc_column_text css=&#8221;.vc_custom_1602076499778{padding-top: 20px !important;padding-right: 20px !important;padding-bottom: 50px !important;padding-left: 20px !important;background: #ffffff url(https:\/\/hgdgmbh.de\/ordermesse\/wp-content\/uploads\/sites\/4\/2020\/06\/platin-higru-noch-heller-scaled.jpg?id=7308) !important;background-position: center !important;background-repeat: no-repeat !important;background-size: cover !important;}&#8221;]<strong>Flexibilit\u00e4t &#8211; egal was kommt<\/strong><\/p>\n<p>Flexibilit\u00e4t ist eine Eigenschaft, die heute mehr denn je gefragt ist. Unser Fl\u00fcssiggas ist hier ganz im Trend der Zeit. Abgef\u00fcllt in tragbaren Flaschen verschiedener Gr\u00f6\u00dfen l\u00e4sst sich WESTFA-Markengas \u00fcberall einsetzen: ob drinnen oder drau\u00dfen, zum W\u00e4rmen oder K\u00fchlen.<\/p>\n<p>Die mobile Energie ist nicht an einen Standort gebunden und einfach zu transportieren. Ob im privaten oder gewerblichen Bereich \u2013 \u00fcberall, wo wenig Platz zur Verf\u00fcgung steht, Energie aber gebraucht wird, ist WESTFA-Flaschengas die beste Wahl. Den Einsatzm\u00f6glichkeiten sind keine Grenzen gesetzt: ob zur Bautrocknung, Wildkrautbeseitigung, Hallenbeheizung, im Stra\u00dfenbau, in der Gastronomie, bei der Dachdeckung, zum Kochen, K\u00fchlen, Grillen, Heimwerkern, im Campingbereich und vieles mehr. Mit WESTFA-Flaschengas genie\u00dfen unsere Kunden jederzeit und egal wo h\u00f6chsten Energiekomfort.<\/p>\n<p>Auch Gabelstapler bringt WESTFA-Fl\u00fcssiggas in Flaschen sicher, kosteng\u00fcnstig und effizient zum Laufen. Dank der neuen klick&amp;go-Gasflaschen von WESTFA ist der Flaschenwechsel sogar in Rekordzeit erledigt und Staplerfahrer haben schnell wieder freie Fahrt.<\/p>\n<p>Rund 700 WESTFA-Vertriebsstellen versorgen private Haushalte, den Freizeitbereich, Industrie, Gewerbe und Landwirtschaft mit der flexiblen Energie in Flaschen. WESTFA bietet dabei verschiedene Flaschengr\u00f6\u00dfen von 5 bis 33 kg an.<br \/>\nMit unserem Flaschengasfinder unter\u00a0<a href=\"http:\/\/www.westfa-flaschengas.de\/vertriebsstellenfinder\" rel=\"nofollow\">http:\/\/www.westfa-flaschengas.de\/vertriebsstellenfinder<\/a>\u00a0finden unsere Kunden schnell und sicher zur n\u00e4chstgelegenen WESTFA-Flaschengas Vertriebsstelle.[\/vc_column_text][vc_tta_accordion shape=&#8221;square&#8221; color=&#8221;white&#8221; c_icon=&#8221;chevron&#8221; c_position=&#8221;right&#8221; active_section=&#8221;3&#8243; collapsible_all=&#8221;true&#8221;][vc_tta_section i_icon_fontawesome=&#8221;fas fa-file&#8221; add_icon=&#8221;true&#8221; title=&#8221;Orders\u00e4tze&#8221; tab_id=&#8221;1634924932742-196b5409-820f&#8221;]                <div id=\"wpdmtree\"><\/div>       <link rel=\"stylesheet\" href=\"https:\/\/hgdgmbh.de\/ordermesse\/wp-content\/plugins\/wpdm-extended-shortcodes\/css\/jqueryFileTree.css\" \/>              <div id=\"tree69e5e82167d1f\"><\/div>    <script>        jQuery( function($) {                 var nw = 0;            $.getScript('https:\/\/hgdgmbh.de\/ordermesse\/wp-content\/plugins\/wpdm-extended-shortcodes\/js\/jqueryFileTree.js', function() {              $('#tree69e5e82167d1f').fileTree({                script: 'https:\/\/hgdgmbh.de\/ordermesse\/?task=wpdm_tree&params=FjRVmC0O4APC2JIUNGfbcUtiVYoZPWG_PSfD_XK6VJjrMI_csgtmKRwlzivw1s2T4wN_ZIpTJn7KhvwOSy2MloYjXNBnoSL_AD63r-kZGvfngCEOXPbDQ0zuqCX5UhEXLkWyy2e3m33sTWCr5_Hh2q2MLjC8z91Fh2RvLUQEOik',                 expandSpeed: 1000,                collapseSpeed: 1000,                root: '579',                multiFolder: false            }, function(file) {               if(nw === 1)                window.open(file);                else                location.href = file;                          });            });                    });    <\/script>    [\/vc_tta_section][\/vc_tta_accordion][\/vc_column][vc_column width=&#8221;1\/4&#8243; css=&#8221;.vc_custom_1592299681971{padding-bottom: 10px !important;background-color: #ffffff !important;}&#8221;][vc_btn title=&#8221;Kontakt&#8221; style=&#8221;outline&#8221; align=&#8221;left&#8221; i_icon_fontawesome=&#8221;fas fa-envelope&#8221; button_block=&#8221;true&#8221; add_icon=&#8221;true&#8221; link=&#8221;url:%23kontakt|||&#8221;][\/vc_column][\/vc_row][\/vc_section][vc_section full_width=&#8221;stretch_row&#8221; css=&#8221;.vc_custom_1590595029268{padding-top: 75px !important;}&#8221; el_id=&#8221;media&#8221;][vc_row][vc_column][vc_media_grid style=&#8221;pagination&#8221; items_per_page=&#8221;4&#8243; element_width=&#8221;3&#8243; gap=&#8221;30&#8243; arrows_design=&#8221;vc_arrow-icon-arrow_01_left&#8221; arrows_position=&#8221;outside&#8221; arrows_color=&#8221;black&#8221; paging_design=&#8221;none&#8221; loop=&#8221;yes&#8221; autoplay=&#8221;5&#8243; css=&#8221;&#8221; grid_id=&#8221;vc_gid:1726579863253-492d06a8-a69a-3&#8243; include=&#8221;7710,7712,7713,7714&#8243; paging_animation_in=&#8221;none&#8221; paging_animation_out=&#8221;none&#8221;][\/vc_column][\/vc_row][\/vc_section][vc_section full_width=&#8221;stretch_row&#8221; css=&#8221;.vc_custom_1592470158390{padding-top: 100px !important;background-image: url(https:\/\/hgdgmbh.de\/ordermesse\/wp-content\/uploads\/sites\/4\/2020\/06\/shutterstock_1420642463-heller-1024x683_bearb.png?id=7301) !important;background-position: center !important;background-repeat: no-repeat !important;background-size: cover !important;}&#8221; el_id=&#8221;kontakt&#8221;][vc_row][vc_column]<div class=\"shortcode-wrapper shortcode-title clearfix hgd\"><h1 class=\"aligncenter\">Kontaktieren Sie uns.<\/h1><\/div>[vc_single_image image=&#8221;6169&#8243; img_size=&#8221;60&#215;8&#8243; alignment=&#8221;center&#8221;]<div class=\"shortcode-wrapper shortcode-spacer clearfix\"><div class=\"spacer\"><\/div><\/div>[\/vc_column][\/vc_row][vc_row][vc_column][vc_row_inner][vc_column_inner width=&#8221;1\/3&#8243;][\/vc_column_inner][vc_column_inner width=&#8221;1\/3&#8243;]<div class=\"shortcode-wrapper shortcode-icon-box clearfix \" data-delay=\"\u201d0\u2033\"><div class=\"content-box top-icon\"><i class=\"hb-moon-location-5 box-icon\"><\/i><div class=\"aligncenter\">\n<div class=\"wpforms-entry-field wpforms-field-text\">\n<p class=\"wpforms-entry-field-value\" style=\"text-align: center;\"><strong>WESTFA Flaschengas GmbH<\/strong><\/p>\n<p style=\"text-align: center;\">Feldm\u00fchlenstra\u00dfe 19, 58099 Hagen<\/p>\n<p style=\"text-align: center;\">Telefon +49 2331 9666333<br \/>\nFax +49 2331 966639435<br \/>\nE-Mail <a href=\"mailto:flaschengas@westfa.de\">flaschengas@westfa.de<\/a><\/p>\n<\/div>\n<\/div><\/div><\/div>[\/vc_column_inner][vc_column_inner width=&#8221;1\/3&#8243;][\/vc_column_inner][\/vc_row_inner][vc_row_inner][vc_column_inner width=&#8221;1\/3&#8243;]<div class=\"shortcode-wrapper shortcode-icon-box clearfix \" data-delay=\"\u201d0\u2033\"><div class=\"content-box top-icon\"><i class=\"hb-moon-users box-icon\"><\/i><div class=\"aligncenter\"><h4 class=\"semi-bold\">Ansprechpartner<\/h4>\n<p style=\"text-align: center;\">Unsere Ansprechpartner sind f\u00fcr Sie da.<\/p>\n<div style=\"text-align: center;\"><a href=\"#ansprechpartner\"><button class=\"hgd_button\">Kontaktieren Sie uns<\/button><\/a><\/div>\n<\/div><\/div><\/div>[\/vc_column_inner][vc_column_inner width=&#8221;1\/3&#8243;]<div class=\"shortcode-wrapper shortcode-icon-box clearfix \" data-delay=\"\u201d0\u2033\"><div class=\"content-box top-icon\"><i class=\"icon-envelope box-icon\"><\/i><div class=\"aligncenter\"><h4 class=\"semi-bold\">Kontaktformular<\/h4>\n<p style=\"text-align: center;\">Sie haben Fragen? Kontaktieren Sie uns einfach.<\/p>\n<div style=\"text-align: center;\"><a href=\"#kontaktformular\"><button class=\"hgd_button\">Schreiben Sie uns<\/button><\/a><\/div>\n<\/div><\/div><\/div>[\/vc_column_inner][vc_column_inner width=&#8221;1\/3&#8243;]<div class=\"shortcode-wrapper shortcode-icon-box clearfix \" data-delay=\"\u201d0\u2033\"><div class=\"content-box top-icon\"><i class=\"hb-moon-globe box-icon\"><\/i><div class=\"aligncenter\"><h4 class=\"semi-bold\">Firmen-Webseite<\/h4>\n<p style=\"text-align: center;\">Hier geht&#8217;s zur Webseite.<\/p>\n<div style=\"text-align: center;\"><a href=\"https:\/\/www.westfa-flaschengas.de\" target=\"_blank\" rel=\"noopener\"><button class=\"hgd_button\">Webseite<\/button><\/a><\/div>\n<\/div><\/div><\/div>[\/vc_column_inner][\/vc_row_inner]<div class=\"shortcode-wrapper shortcode-spacer clearfix\"><div class=\"spacer\"><\/div><\/div>[\/vc_column][\/vc_row][\/vc_section][vc_section full_width=&#8221;stretch_row&#8221; css=&#8221;.vc_custom_1590604843859{padding-top: 100px !important;background-color: #efefef !important;}&#8221; el_id=&#8221;ansprechpartner&#8221;][vc_row][vc_column]<div class=\"shortcode-wrapper shortcode-title clearfix hgd\"><h1 class=\"aligncenter\">Ansprechpartner.<\/h1><\/div>[vc_single_image image=&#8221;6169&#8243; img_size=&#8221;60&#215;8&#8243; alignment=&#8221;center&#8221;][\/vc_column][\/vc_row][vc_row][vc_column]<div class=\"shortcode-wrapper shortcode-team-member-box \"><div class=\"row\"><div class=\"col-3\">\n\t\t<div class=\"team-member-box tmb-2\">\n\t\t\t\t\t\t\t\t\t\n\t\t\t<div class=\"team-member-img\">\n\n\t\t\t\t<img decoding=\"async\" src=\"https:\/\/hgdgmbh.de\/ordermesse\/wp-content\/uploads\/sites\/4\/2024\/10\/Profilbild-350x350.jpg\" alt=\"G\u00fcnter Rathmer\"\/>\n\t\t\t\t\t\t\t\t\t\t<ul class=\"social-icons dark\">\n\t\t\t\t\t\n\t\t\t\t\t\t\n\t\t\t\t\t\t\t\n\t\t\t\t\t\t\t<li class=\"envelop\">\n\n\t\t\t\t\t\t\t\t\t\t\t\t\t\t\t\t\t<a href=\"mailto:Guenter.Rathmer@westfa.de\">\n\t\t\t\t\t\t\t\t\t\t<i class=\"hb-moon-envelop\"><\/i>\n\t\t\t\t\t\t\t\t\t\t<i class=\"hb-moon-envelop\"><\/i>\n\t\t\t\t\t\t\t\t\t<\/a>\n\t\t\t\t\t\t\t\t\n\t\t\t\t\t\t\t<\/li>\n\n\t\t\t\t\t\t\n\t\t\t\t\t\t\t\n\t\t\t\t\t\t\t\n\t\t\t\t\t\t\t\n\t\t\t\t\t\t\t\n\t\t\t\t\t\t\t\n\t\t\t\t\t\t\t\n\t\t\t\t\t\t\t\n\t\t\t\t\t\t\t\n\t\t\t\t\t\t\t\n\t\t\t\t\t\t\t\n\t\t\t\t\t\t\t\n\t\t\t\t\t\t\t\n\t\t\t\t\t\t\t\n\t\t\t\t\t\t\t\n\t\t\t\t\t\t\t\n\t\t\t\t\t\t\t\n\t\t\t\t\t\t\t\n\t\t\t\t\t\t\t\n\t\t\t\t\t\t\t\n\t\t\t\t\t\t\t\n\t\t\t\t\t\t\t\n\t\t\t\t\t\t\t\n\t\t\t\t\t\t\t\n\t\t\t\t\t\t\t\n\t\t\t\t\t\t\t\n\t\t\t\t\t\t\t\n\t\t\t\t\t\t\t\n\t\t\t\t\t\t\t\n\t\t\t\t\t\t\t\n\t\t\t\t\t\t\t\n\t\t\t\t\t\t\t\n\t\t\t\t\t\t\t\n\t\t\t\t\t\t\t\n\t\t\t\t\t\t\t\n\t\t\t\t\t\t\t\t\t\t\t\t<\/ul>\n\t\t\t\t\t\n\t\t\t\t\t\t\t<\/div><!-- END .team-member-img -->\n\t\t\t\t\t\t\t\t\t\t\n\t\t\t<div class=\"team-member-description\">\n\n\t\t\t\t<div class=\"team-header-info clearfix\">\n\n\t\t\t\t\t<div class=\"team-name\">\n\t\t\t\t\t\t<h4 class=\"team-member-name\"><a href=\"https:\/\/hgdgmbh.de\/ordermesse\/team\/guenter-rathmer\/\">G\u00fcnter Rathmer<\/a><\/h4>\n\n\t\t\t\t\t\t\t\t\t\t\t\t\t<p class=\"team-position\">Verkauf Gro\u00dfkunden<\/p>\n\t\t\t\t\t\t\t\t\t\t\t<\/div><!-- END .team-name -->\n\t\t\t\t\t\t\t\t\t\t\t\t\n\t\t\t\t\t\t\t\t\t\t\t\t\n\t\t\t\t<\/div><!-- END .team-header-info -->\n\n\t\t\t\t\n\t\t\t\t\t<div class=\"spacer\" style=\"height:10px;\"><\/div>\n\t\t\t\t\t<div class=\"team-member-content\">\n\t\t\t\t\t\t<div class=\"spacer\" style=\"height:15px;\"><\/div><p class=\"nbm\">+49 170 1956 605<\/p>\t\t\t\t\t<\/div><!-- END .team-member-content -->\n\t\t\t\t\n\t\t\t\t<a class=\"simple-read-more\" href=\"https:\/\/hgdgmbh.de\/ordermesse\/team\/guenter-rathmer\/\" target=\"_self\">View Profile<\/a>\n\t\t\t<\/div><!-- END .team-member-description -->\t\n\n\t\t<\/div><!-- END .team-member-box -->\n\n\t\t<\/div><div class=\"col-3\">\n\t\t<div class=\"team-member-box tmb-2\">\n\t\t\t\t\t\t\t\t\t\n\t\t\t<div class=\"team-member-img\">\n\n\t\t\t\t<img decoding=\"async\" src=\"https:\/\/hgdgmbh.de\/ordermesse\/wp-content\/uploads\/sites\/4\/2021\/10\/Ansprechpartner_Portrait_Brustbild_350x350px_Schuhmacher.jpg\" alt=\"Steven Schuhmacher\"\/>\n\t\t\t\t\t\t\t\t\t\t<ul class=\"social-icons dark\">\n\t\t\t\t\t\n\t\t\t\t\t\t\n\t\t\t\t\t\t\t\n\t\t\t\t\t\t\t<li class=\"envelop\">\n\n\t\t\t\t\t\t\t\t\t\t\t\t\t\t\t\t\t<a href=\"mailto:steven.schuhmacher@hgdgmbh.de\">\n\t\t\t\t\t\t\t\t\t\t<i class=\"hb-moon-envelop\"><\/i>\n\t\t\t\t\t\t\t\t\t\t<i class=\"hb-moon-envelop\"><\/i>\n\t\t\t\t\t\t\t\t\t<\/a>\n\t\t\t\t\t\t\t\t\n\t\t\t\t\t\t\t<\/li>\n\n\t\t\t\t\t\t\n\t\t\t\t\t\t\t\n\t\t\t\t\t\t\t\n\t\t\t\t\t\t\t\n\t\t\t\t\t\t\t\n\t\t\t\t\t\t\t\n\t\t\t\t\t\t\t\n\t\t\t\t\t\t\t\n\t\t\t\t\t\t\t\n\t\t\t\t\t\t\t\n\t\t\t\t\t\t\t\n\t\t\t\t\t\t\t\n\t\t\t\t\t\t\t\n\t\t\t\t\t\t\t\n\t\t\t\t\t\t\t\n\t\t\t\t\t\t\t\n\t\t\t\t\t\t\t\n\t\t\t\t\t\t\t\n\t\t\t\t\t\t\t\n\t\t\t\t\t\t\t\n\t\t\t\t\t\t\t\n\t\t\t\t\t\t\t\n\t\t\t\t\t\t\t\n\t\t\t\t\t\t\t\n\t\t\t\t\t\t\t\n\t\t\t\t\t\t\t\n\t\t\t\t\t\t\t\n\t\t\t\t\t\t\t\n\t\t\t\t\t\t\t\n\t\t\t\t\t\t\t\n\t\t\t\t\t\t\t\n\t\t\t\t\t\t\t\n\t\t\t\t\t\t\t\n\t\t\t\t\t\t\t\n\t\t\t\t\t\t\t\n\t\t\t\t\t\t\t\t\t\t\t\t<\/ul>\n\t\t\t\t\t\n\t\t\t\t\t\t\t<\/div><!-- END .team-member-img -->\n\t\t\t\t\t\t\t\t\t\t\n\t\t\t<div class=\"team-member-description\">\n\n\t\t\t\t<div class=\"team-header-info clearfix\">\n\n\t\t\t\t\t<div class=\"team-name\">\n\t\t\t\t\t\t<h4 class=\"team-member-name\"><a href=\"https:\/\/hgdgmbh.de\/ordermesse\/team\/steven-schuhmacher\/\">Steven Schuhmacher<\/a><\/h4>\n\n\t\t\t\t\t\t\t\t\t\t\t\t\t<p class=\"team-position\">HGD Sortimentsmanager<\/p>\n\t\t\t\t\t\t\t\t\t\t\t<\/div><!-- END .team-name -->\n\t\t\t\t\t\t\t\t\t\t\t\t\n\t\t\t\t\t\t\t\t\t\t\t\t\n\t\t\t\t<\/div><!-- END .team-header-info -->\n\n\t\t\t\t\n\t\t\t\t\t<div class=\"spacer\" style=\"height:10px;\"><\/div>\n\t\t\t\t\t<div class=\"team-member-content\">\n\t\t\t\t\t\t<div class=\"spacer\" style=\"height:15px;\"><\/div><p class=\"nbm\">[vc_row][vc_column][vc_column_text]Tel.: +49 721 352-1839[\/vc_column_text][\/vc_column][\/vc_row]<\/p>\t\t\t\t\t<\/div><!-- END .team-member-content -->\n\t\t\t\t\n\t\t\t\t<a class=\"simple-read-more\" href=\"https:\/\/hgdgmbh.de\/ordermesse\/team\/steven-schuhmacher\/\" target=\"_self\">View Profile<\/a>\n\t\t\t<\/div><!-- END .team-member-description -->\t\n\n\t\t<\/div><!-- END .team-member-box -->\n\n\t\t<\/div><\/div><\/div>[\/vc_column][\/vc_row][\/vc_section][vc_section full_width=&#8221;stretch_row&#8221; css=&#8221;.vc_custom_1592402279895{padding-top: 100px !important;background-image: url(https:\/\/hgdgmbh.de\/ordermesse\/wp-content\/uploads\/sites\/4\/2020\/06\/hg_radial.png?id=7298) !important;background-position: center !important;background-repeat: no-repeat !important;background-size: cover !important;}&#8221; el_id=&#8221;kontaktformular&#8221;][vc_row][vc_column]<div class=\"shortcode-wrapper shortcode-title clearfix hgd\"><h1 class=\"aligncenter\">Kontakt.<\/h1><\/div>[vc_single_image image=&#8221;6169&#8243; img_size=&#8221;60&#215;8&#8243; alignment=&#8221;center&#8221;]<div class=\"wpforms-container wpforms-container-full hgd_kontakt\" id=\"wpforms-8749\"><form id=\"wpforms-form-8749\" class=\"wpforms-validate wpforms-form\" data-formid=\"8749\" method=\"post\" enctype=\"multipart\/form-data\" action=\"\/ordermesse\/wp-json\/wp\/v2\/pages\/8185\" data-token=\"1bed40f56d3375849d6f8d9e03ba27b5\" data-token-time=\"1776674849\"><noscript class=\"wpforms-error-noscript\">Bitte aktivieren Sie JavaScript in Ihrem Browser, um dieses Formular fertigzustellen.<\/noscript><div class=\"wpforms-field-container\"><div id=\"wpforms-8749-field_0-container\" class=\"wpforms-field wpforms-field-name wpforms-one-half wpforms-first\" data-field-id=\"0\"><label class=\"wpforms-field-label wpforms-label-hide\" for=\"wpforms-8749-field_0\">Vorname <span class=\"wpforms-required-label\">*<\/span><\/label><input type=\"text\" id=\"wpforms-8749-field_0\" class=\"wpforms-field-large wpforms-field-required\" name=\"wpforms[fields][0]\" placeholder=\"Vorname *\" required><\/div><div id=\"wpforms-8749-field_6-container\" class=\"wpforms-field wpforms-field-name wpforms-one-half\" data-field-id=\"6\"><label class=\"wpforms-field-label wpforms-label-hide\" for=\"wpforms-8749-field_6\">Nachname <span class=\"wpforms-required-label\">*<\/span><\/label><input type=\"text\" id=\"wpforms-8749-field_6\" class=\"wpforms-field-large wpforms-field-required\" name=\"wpforms[fields][6]\" placeholder=\"Nachname *\" required><\/div><div id=\"wpforms-8749-field_3-container\" class=\"wpforms-field wpforms-field-name wpforms-one-half wpforms-first\" data-field-id=\"3\"><label class=\"wpforms-field-label wpforms-label-hide\" for=\"wpforms-8749-field_3\">Firma <span class=\"wpforms-required-label\">*<\/span><\/label><input type=\"text\" id=\"wpforms-8749-field_3\" class=\"wpforms-field-large wpforms-field-required\" name=\"wpforms[fields][3]\" placeholder=\"Firma *\" required><\/div><div id=\"wpforms-8749-field_5-container\" class=\"wpforms-field wpforms-field-name wpforms-one-half\" data-field-id=\"5\"><label class=\"wpforms-field-label wpforms-label-hide\" for=\"wpforms-8749-field_5\">Position <span class=\"wpforms-required-label\">*<\/span><\/label><input type=\"text\" id=\"wpforms-8749-field_5\" class=\"wpforms-field-large wpforms-field-required\" name=\"wpforms[fields][5]\" placeholder=\"Position *\" required><\/div><div id=\"wpforms-8749-field_8-container\" class=\"wpforms-field wpforms-field-name wpforms-one-half wpforms-first\" data-field-id=\"8\"><label class=\"wpforms-field-label wpforms-label-hide\" for=\"wpforms-8749-field_8\">PLZ <span class=\"wpforms-required-label\">*<\/span><\/label><input type=\"text\" id=\"wpforms-8749-field_8\" class=\"wpforms-field-large wpforms-field-required\" name=\"wpforms[fields][8]\" placeholder=\"PLZ *\" required><\/div><div id=\"wpforms-8749-field_7-container\" class=\"wpforms-field wpforms-field-name wpforms-one-half\" data-field-id=\"7\"><label class=\"wpforms-field-label wpforms-label-hide\" for=\"wpforms-8749-field_7\">Ort <span class=\"wpforms-required-label\">*<\/span><\/label><input type=\"text\" id=\"wpforms-8749-field_7\" class=\"wpforms-field-large wpforms-field-required\" name=\"wpforms[fields][7]\" placeholder=\"Ort *\" required><\/div><div id=\"wpforms-8749-field_1-container\" class=\"wpforms-field wpforms-field-email wpforms-one-half wpforms-first\" data-field-id=\"1\"><label class=\"wpforms-field-label wpforms-label-hide\" for=\"wpforms-8749-field_1\">E-Mail <span class=\"wpforms-required-label\">*<\/span><\/label><input type=\"email\" id=\"wpforms-8749-field_1\" class=\"wpforms-field-large wpforms-field-required\" name=\"wpforms[fields][1]\" placeholder=\"E-Mail *\" spellcheck=\"false\" required><\/div><div id=\"wpforms-8749-field_11-container\" class=\"wpforms-field wpforms-field-number wpforms-one-half\" data-field-id=\"11\"><label class=\"wpforms-field-label wpforms-label-hide\" for=\"wpforms-8749-field_11\">Telefon<\/label><input type=\"number\" id=\"wpforms-8749-field_11\" class=\"wpforms-field-large\" name=\"wpforms[fields][11]\" placeholder=\"Telefon *\" step=\"any\" ><\/div><div id=\"wpforms-8749-field_10-container\" class=\"wpforms-field wpforms-field-select wpforms-field-select-style-classic\" data-field-id=\"10\"><label class=\"wpforms-field-label wpforms-label-hide\" for=\"wpforms-8749-field_10\">Mein Anliegen <span class=\"wpforms-required-label\">*<\/span><\/label><select id=\"wpforms-8749-field_10\" class=\"wpforms-field-large wpforms-field-required\" name=\"wpforms[fields][10]\" required=\"required\"><option value=\"\" class=\"placeholder\" disabled  selected='selected'>Mein Anliegen *<\/option><option value=\"Produkt\"  class=\"choice-1 depth-1\"  >Produkt<\/option><option value=\"Sortiment\"  class=\"choice-2 depth-1\"  >Sortiment<\/option><option value=\"Terminvereinbarung\"  class=\"choice-3 depth-1\"  >Terminvereinbarung<\/option><option value=\"Sonstiges\"  class=\"choice-4 depth-1\"  >Sonstiges<\/option><\/select><\/div><div id=\"wpforms-8749-field_2-container\" class=\"wpforms-field wpforms-field-textarea\" data-field-id=\"2\"><label class=\"wpforms-field-label wpforms-label-hide\" for=\"wpforms-8749-field_2\">Ihre Nachricht <span class=\"wpforms-required-label\">*<\/span><\/label><textarea id=\"wpforms-8749-field_2\" class=\"wpforms-field-large wpforms-field-required\" name=\"wpforms[fields][2]\" placeholder=\"Ihre Nachricht *\" required><\/textarea><\/div><div id=\"wpforms-8749-field_14-container\" class=\"wpforms-field wpforms-field-checkbox\" data-field-id=\"14\"><ul id=\"wpforms-8749-field_14\" class=\"wpforms-field-required\"><li class=\"choice-1 depth-1\"><input type=\"checkbox\" id=\"wpforms-8749-field_14_1\" name=\"wpforms[fields][14][]\" value=\"Datenschutz (&lt;a href=&quot;..\/..\/..\/datenschutz&quot;&gt;Datenschutzerkl\u00e4rung lesen&lt;\/a&gt;)\" required ><label class=\"wpforms-field-label-inline\" for=\"wpforms-8749-field_14_1\">Datenschutz (<a href=\"..\/..\/..\/datenschutz\">Datenschutzerkl\u00e4rung lesen<\/a>)<\/label><\/li><\/ul><div class=\"wpforms-field-description\">Ich bin damit einverstanden, dass meine Daten f\u00fcr die gesetzlich zul\u00e4ssigen Zwecke verarbeitet und weitergeleitet werden. Ich habe die Hinweise zum Datenschutz gelesen und bin mit deren Geltung ausdr\u00fccklich einverstanden. <\/div><\/div><\/div><!-- .wpforms-field-container --><div class=\"wpforms-field wpforms-field-hp\"><label for=\"wpforms-8749-field-hp\" class=\"wpforms-field-label\">Phone<\/label><input type=\"text\" name=\"wpforms[hp]\" id=\"wpforms-8749-field-hp\" class=\"wpforms-field-medium\"><\/div><div class=\"wpforms-submit-container\" ><input type=\"hidden\" name=\"wpforms[id]\" value=\"8749\"><input type=\"hidden\" name=\"page_title\" value=\"\"><input type=\"hidden\" name=\"page_url\" value=\"https:\/\/hgdgmbh.de\/ordermesse\/wp-json\/wp\/v2\/pages\/8185\"><input type=\"hidden\" name=\"url_referer\" value=\"\"><div class=\"frc-captcha \" data-sitekey=\"FCMQO1ONNA0PRRDA\" data-lang=\"de\" ><\/div>\n\t\t<noscript>You need to enable Javascript for the anti-spam check.<\/noscript><button type=\"submit\" name=\"wpforms[submit]\" id=\"wpforms-submit-8749\" class=\"wpforms-submit hgd_senden\" data-alt-text=\"senden...\" data-submit-text=\"absenden\" aria-live=\"assertive\" value=\"wpforms-submit\">absenden<\/button><\/div><\/form><\/div>  <!-- .wpforms-container -->[vc_column_text]* = Pflichtfeld[\/vc_column_text][\/vc_column][\/vc_row][vc_row disable_element=&#8221;yes&#8221; el_id=&#8221;adresse&#8221;][vc_column width=&#8221;1\/2&#8243;][vc_column_text css=&#8221;.vc_custom_1602076844560{padding-top: 20px !important;padding-right: 20px !important;padding-bottom: 20px !important;padding-left: 20px !important;background-color: #ffffff !important;}&#8221; el_class=&#8221;shadow&#8221;]\n<div class=\"wpforms-entry-field wpforms-field-text\">\n<p class=\"wpforms-entry-field-value\"><strong>WESTFA Flaschengas GmbH<\/strong><\/p>\n<p><a href=\"https:\/\/www.google.com\/maps\/place\/WESTFA+Flaschengas+GmbH\/@51.39952,7.48968,15z\/data=!4m2!3m1!1s0x0:0xe4cfe60269e658e4?sa=X&amp;ved=2ahUKEwjbwuqZyaLsAhVO_aQKHV2sDUgQ_BIwCnoECBUQBQ\">Feldm\u00fchlenstra\u00dfe 19<\/a><br \/>\n<a href=\"https:\/\/www.google.com\/maps\/place\/WESTFA+Flaschengas+GmbH\/@51.39952,7.48968,15z\/data=!4m2!3m1!1s0x0:0xe4cfe60269e658e4?sa=X&amp;ved=2ahUKEwjbwuqZyaLsAhVO_aQKHV2sDUgQ_BIwCnoECBUQBQ\">58099 Hagen<\/a><\/p>\n<p>Telefon <a href=\"tel:+49 2331 9666333\">+49 2331 9666333<\/a><br \/>\nFax +49 2331 966639435<\/p>\n<p>E-Mail: <a href=\"mailto:flaschengas@westfa.de\">flaschengas@westfa.de<\/a><br \/>\nWeb: <a href=\"https:\/\/www.westfa-flaschengas.de\">https:\/\/www.westfa-flaschengas.de<\/a><\/p>\n<\/div>\n[\/vc_column_text][\/vc_column][vc_column width=&#8221;1\/2&#8243;]<div class=\"shortcode-wrapper shortcode-map-embed clearfix\"><div class=\"map-wrapper shadow\"><div class=\"hb-gmap-map\" data-api-key=\"AIzaSyAoc0VQvNAQc35QsUyQUH5j3o9aomtkD4A\" data-show-location=\"0\" data-map-level=\"14\" data-map-lat=\"51.399841\" data-map-lng=\"7.489594\" data-map-img=\"https:\/\/hgdgmbh.de\/ordermesse\/wp-content\/uploads\/sites\/4\/2020\/04\/HGD_Pin_50_orange.png\" data-overlay-color=\"#00963f\" style=\"height:254px;\"><\/div><\/div><\/div>[\/vc_column][\/vc_row][\/vc_section]\n<\/div>","protected":false},"excerpt":{"rendered":"<p>[vc_section full_width=&#8221;stretch_row&#8221; css=&#8221;.vc_custom_1591967561892{padding-top: 100px !important;background-color: #efefef !important;background-position: center !important;background-repeat: no-repeat !important;background-size: cover !important;}&#8221; el_id=&#8221;portrait&#8221;][vc_row fullwidth=&#8221;yes&#8221;][vc_column][vc_single_image image=&#8221;6169&#8243; img_size=&#8221;60&#215;8&#8243; alignment=&#8221;center&#8221;][\/vc_column][\/vc_row][vc_row css=&#8221;.vc_custom_1592298274458{margin-bottom: 50px [&hellip;]<\/p>\n","protected":false},"author":4,"featured_media":0,"parent":7147,"menu_order":0,"comment_status":"closed","ping_status":"closed","template":"","meta":{"footnotes":""},"class_list":["post-8185","page","type-page","status-publish","hentry"],"_links":{"self":[{"href":"https:\/\/hgdgmbh.de\/ordermesse\/wp-json\/wp\/v2\/pages\/8185","targetHints":{"allow":["GET"]}}],"collection":[{"href":"https:\/\/hgdgmbh.de\/ordermesse\/wp-json\/wp\/v2\/pages"}],"about":[{"href":"https:\/\/hgdgmbh.de\/ordermesse\/wp-json\/wp\/v2\/types\/page"}],"author":[{"embeddable":true,"href":"https:\/\/hgdgmbh.de\/ordermesse\/wp-json\/wp\/v2\/users\/4"}],"replies":[{"embeddable":true,"href":"https:\/\/hgdgmbh.de\/ordermesse\/wp-json\/wp\/v2\/comments?post=8185"}],"version-history":[{"count":19,"href":"https:\/\/hgdgmbh.de\/ordermesse\/wp-json\/wp\/v2\/pages\/8185\/revisions"}],"predecessor-version":[{"id":29244,"href":"https:\/\/hgdgmbh.de\/ordermesse\/wp-json\/wp\/v2\/pages\/8185\/revisions\/29244"}],"up":[{"embeddable":true,"href":"https:\/\/hgdgmbh.de\/ordermesse\/wp-json\/wp\/v2\/pages\/7147"}],"wp:attachment":[{"href":"https:\/\/hgdgmbh.de\/ordermesse\/wp-json\/wp\/v2\/media?parent=8185"}],"curies":[{"name":"wp","href":"https:\/\/api.w.org\/{rel}","templated":true}]}}