

{"id":7246,"date":"2020-06-16T12:24:58","date_gmt":"2020-06-16T10:24:58","guid":{"rendered":"https:\/\/hgdgmbh.de\/ordermesse\/?page_id=7246"},"modified":"2024-10-10T13:31:56","modified_gmt":"2024-10-10T11:31:56","slug":"kontakt","status":"publish","type":"page","link":"https:\/\/hgdgmbh.de\/ordermesse\/kontakt\/","title":{"rendered":"Kontakt"},"content":{"rendered":"<div class=\"wpb-content-wrapper\">[vc_section full_width=&#8221;stretch_row&#8221; css=&#8221;.vc_custom_1601980121088{padding-top: 0px !important;background-color: #efefef !important;}&#8221;][vc_row full_width=&#8221;stretch_row_content&#8221; fullwidth=&#8221;yes&#8221; fw_columns=&#8221;yes&#8221;][vc_column]\n\t\t\t\t<p class=\"rs-p-wp-fix\"><\/p>\n\t\t\t\t<sr7-module data-alias=\"banner_kontakt\" data-id=\"6\" id=\"SR7_6_1\" class=\"rs-ov-hidden\" data-version=\"6.7.51\">\n\t\t\t\t\t<sr7-adjuster><\/sr7-adjuster>\n\t\t\t\t\t<sr7-content>\n\t\t\t\t\t\t<sr7-slide id=\"SR7_6_1-5\" data-key=\"5\">\n\t\t\t\t\t\t<\/sr7-slide>\n\t\t\t\t\t\t<sr7-slide id=\"SR7_6_1-309\" data-key=\"309\">\n\t\t\t\t\t\t<\/sr7-slide>\n\t\t\t\t\t<\/sr7-content>\n\t\t\t\t\t<image_lists style=\"display:none\">\n\t\t\t\t\t\t<img data-src=\"\/\/hgdgmbh.de\/ordermesse\/wp-content\/uploads\/sites\/4\/2020\/10\/Banner_Basis_Kontakt_1_2560x500.jpg\" data-libid=\"11695\" title=\"Banner_Basis_Kontakt_1_2560x500\" width=\"0\" height=\"0\" data-dbsrc=\"Ly9oZ2RnbWJoLmRlL29yZGVybWVzc2Uvd3AtY29udGVudC91cGxvYWRzL3NpdGVzLzQvMjAyMC8xMC9CYW5uZXJfQmFzaXNfS29udGFrdF8xXzI1NjB4NTAwLmpwZw==\"\/>\n\t\t\t\t\t<\/image_lists>\n\t\t\t\t<\/sr7-module>\n\t\t\t\t<script>\n\t\t\t\t\twindow.SR7 ??={};SR7.PMH ??={}; SR7.PMH[\"SR7_6_1\"] = {cn:100,state:false,fn: function() { if (window._tpt!==undefined && window._tpt.prepareModuleHeight !== undefined) {  _tpt.prepareModuleHeight({id:\"SR7_6_1\",el:[500,500,355,270,165],type:'standard',shdw:'0',gh:[500,500,,,],gw:[2560,2560,,,],vpt:['-200px'],size:{fullWidth:false, fullHeight:false},mh:'0',onh:0,onw:0,bg:{color:'{\"orig\":\"transparent\",\"type\":\"solid\",\"string\":\"transparent\"}'},plType:'0',plColor:'#FFFFFF'});   SR7.PMH[\"SR7_6_1\"].state=true;} else if(SR7.PMH[\"SR7_6_1\"].cn-->0)\tsetTimeout( SR7.PMH[\"SR7_6_1\"].fn,19);}};SR7.PMH[\"SR7_6_1\" ].fn();\n\t\t\t\t<\/script>\n[\/vc_column][\/vc_row][\/vc_section][vc_section full_width=&#8221;stretch_row&#8221; css=&#8221;.vc_custom_1591710242383{padding-top: 100px !important;background-image: url(https:\/\/hgdgmbh.de\/ordermesse\/wp-content\/uploads\/sites\/4\/2020\/06\/shutterstock_1596393229b.jpg?id=7087) !important;background-position: center !important;background-repeat: no-repeat !important;background-size: cover !important;}&#8221; el_id=&#8221;kontakt&#8221;][vc_row][vc_column]<div class=\"shortcode-wrapper shortcode-title clearfix hgd\"><h1 class=\"aligncenter\">Sie haben Fragen? Kontaktieren Sie uns.<\/h1><\/div>[vc_single_image image=&#8221;6169&#8243; img_size=&#8221;60&#215;8&#8243; alignment=&#8221;center&#8221;]<div class=\"wpforms-container wpforms-container-full hgd_kontakt\" id=\"wpforms-6908\"><form id=\"wpforms-form-6908\" class=\"wpforms-validate wpforms-form\" data-formid=\"6908\" method=\"post\" enctype=\"multipart\/form-data\" action=\"\/ordermesse\/wp-json\/wp\/v2\/pages\/7246\" data-token=\"7ccb925f5f9781ba3cf00331097645ca\" data-token-time=\"1776674826\"><noscript class=\"wpforms-error-noscript\">Bitte aktivieren Sie JavaScript in Ihrem Browser, um dieses Formular fertigzustellen.<\/noscript><div class=\"wpforms-field-container\"><div id=\"wpforms-6908-field_0-container\" class=\"wpforms-field wpforms-field-name wpforms-one-half wpforms-first\" data-field-id=\"0\"><label class=\"wpforms-field-label wpforms-label-hide\" for=\"wpforms-6908-field_0\">Vorname <span class=\"wpforms-required-label\">*<\/span><\/label><input type=\"text\" id=\"wpforms-6908-field_0\" class=\"wpforms-field-large wpforms-field-required\" name=\"wpforms[fields][0]\" placeholder=\"Vorname *\" required><\/div><div id=\"wpforms-6908-field_6-container\" class=\"wpforms-field wpforms-field-name wpforms-one-half\" data-field-id=\"6\"><label class=\"wpforms-field-label wpforms-label-hide\" for=\"wpforms-6908-field_6\">Nachname <span class=\"wpforms-required-label\">*<\/span><\/label><input type=\"text\" id=\"wpforms-6908-field_6\" class=\"wpforms-field-large wpforms-field-required\" name=\"wpforms[fields][6]\" placeholder=\"Nachname *\" required><\/div><div id=\"wpforms-6908-field_3-container\" class=\"wpforms-field wpforms-field-name wpforms-one-half wpforms-first\" data-field-id=\"3\"><label class=\"wpforms-field-label wpforms-label-hide\" for=\"wpforms-6908-field_3\">Firma <span class=\"wpforms-required-label\">*<\/span><\/label><input type=\"text\" id=\"wpforms-6908-field_3\" class=\"wpforms-field-large wpforms-field-required\" name=\"wpforms[fields][3]\" placeholder=\"Firma *\" required><\/div><div id=\"wpforms-6908-field_5-container\" class=\"wpforms-field wpforms-field-name wpforms-one-half\" data-field-id=\"5\"><label class=\"wpforms-field-label wpforms-label-hide\" for=\"wpforms-6908-field_5\">Position <span class=\"wpforms-required-label\">*<\/span><\/label><input type=\"text\" id=\"wpforms-6908-field_5\" class=\"wpforms-field-large wpforms-field-required\" name=\"wpforms[fields][5]\" placeholder=\"Position *\" required><\/div><div id=\"wpforms-6908-field_8-container\" class=\"wpforms-field wpforms-field-name wpforms-one-half wpforms-first\" data-field-id=\"8\"><label class=\"wpforms-field-label wpforms-label-hide\" for=\"wpforms-6908-field_8\">PLZ <span class=\"wpforms-required-label\">*<\/span><\/label><input type=\"text\" id=\"wpforms-6908-field_8\" class=\"wpforms-field-large wpforms-field-required\" name=\"wpforms[fields][8]\" placeholder=\"PLZ *\" required><\/div><div id=\"wpforms-6908-field_7-container\" class=\"wpforms-field wpforms-field-name wpforms-one-half\" data-field-id=\"7\"><label class=\"wpforms-field-label wpforms-label-hide\" for=\"wpforms-6908-field_7\">Ort <span class=\"wpforms-required-label\">*<\/span><\/label><input type=\"text\" id=\"wpforms-6908-field_7\" class=\"wpforms-field-large wpforms-field-required\" name=\"wpforms[fields][7]\" placeholder=\"Ort *\" required><\/div><div id=\"wpforms-6908-field_1-container\" class=\"wpforms-field wpforms-field-email wpforms-one-half wpforms-first\" data-field-id=\"1\"><label class=\"wpforms-field-label wpforms-label-hide\" for=\"wpforms-6908-field_1\">E-Mail <span class=\"wpforms-required-label\">*<\/span><\/label><input type=\"email\" id=\"wpforms-6908-field_1\" class=\"wpforms-field-large wpforms-field-required\" name=\"wpforms[fields][1]\" placeholder=\"E-Mail *\" spellcheck=\"false\" required><\/div><div id=\"wpforms-6908-field_11-container\" class=\"wpforms-field wpforms-field-number wpforms-one-half\" data-field-id=\"11\"><label class=\"wpforms-field-label wpforms-label-hide\" for=\"wpforms-6908-field_11\">Telefon<\/label><input type=\"number\" id=\"wpforms-6908-field_11\" class=\"wpforms-field-large\" name=\"wpforms[fields][11]\" placeholder=\"Telefon *\" step=\"any\" ><\/div><div id=\"wpforms-6908-field_10-container\" class=\"wpforms-field wpforms-field-select wpforms-field-select-style-classic\" data-field-id=\"10\"><label class=\"wpforms-field-label wpforms-label-hide\" for=\"wpforms-6908-field_10\">Mein Anliegen <span class=\"wpforms-required-label\">*<\/span><\/label><select id=\"wpforms-6908-field_10\" class=\"wpforms-field-large wpforms-field-required\" name=\"wpforms[fields][10]\" required=\"required\"><option value=\"\" class=\"placeholder\" disabled  selected='selected'>Mein Anliegen *<\/option><option value=\"Frage zur Messeorganisation\"  class=\"choice-1 depth-1\"  >Frage zur Messeorganisation<\/option><option value=\"Terminvereinbarung\"  class=\"choice-2 depth-1\"  >Terminvereinbarung<\/option><option value=\"Sonstiges\"  class=\"choice-3 depth-1\"  >Sonstiges<\/option><\/select><\/div><div id=\"wpforms-6908-field_2-container\" class=\"wpforms-field wpforms-field-textarea\" data-field-id=\"2\"><label class=\"wpforms-field-label wpforms-label-hide\" for=\"wpforms-6908-field_2\">Ihre Nachricht <span class=\"wpforms-required-label\">*<\/span><\/label><textarea id=\"wpforms-6908-field_2\" class=\"wpforms-field-large wpforms-field-required\" name=\"wpforms[fields][2]\" placeholder=\"Ihre Nachricht *\" required><\/textarea><\/div><div id=\"wpforms-6908-field_14-container\" class=\"wpforms-field wpforms-field-checkbox hgd-choice-placeholder\" data-field-id=\"14\"><ul id=\"wpforms-6908-field_14\" class=\"wpforms-field-required\"><li class=\"choice-1 depth-1\"><input type=\"checkbox\" id=\"wpforms-6908-field_14_1\" name=\"wpforms[fields][14][]\" value=\"Datenschutz (&lt;a href=&quot;..\/datenschutz&quot; target=&quot;_blank&quot;&gt;Datenschutzerkl\u00e4rung lesen&lt;\/a&gt;)\" required ><label class=\"wpforms-field-label-inline\" for=\"wpforms-6908-field_14_1\">Datenschutz (<a href=\"..\/datenschutz\" target=\"_blank\">Datenschutzerkl\u00e4rung lesen<\/a>)<\/label><\/li><\/ul><div class=\"wpforms-field-description\">Ich bin damit einverstanden, dass meine Daten f\u00fcr die gesetzlich zul\u00e4ssigen Zwecke gespeichert werden. Informieren Sie sich \u00fcber die Hinweise zum Datenschutz in unserer Datenschutzerkl\u00e4rung.<\/div><\/div><\/div><!-- .wpforms-field-container --><div class=\"wpforms-field wpforms-field-hp\"><label for=\"wpforms-6908-field-hp\" class=\"wpforms-field-label\">Website<\/label><input type=\"text\" name=\"wpforms[hp]\" id=\"wpforms-6908-field-hp\" class=\"wpforms-field-medium\"><\/div><div class=\"wpforms-submit-container\" ><input type=\"hidden\" name=\"wpforms[id]\" value=\"6908\"><input type=\"hidden\" name=\"page_title\" value=\"\"><input type=\"hidden\" name=\"page_url\" value=\"https:\/\/hgdgmbh.de\/ordermesse\/wp-json\/wp\/v2\/pages\/7246\"><input type=\"hidden\" name=\"url_referer\" value=\"\"><div class=\"frc-captcha \" data-sitekey=\"FCMQO1ONNA0PRRDA\" data-lang=\"de\" ><\/div>\n\t\t<noscript>You need to enable Javascript for the anti-spam check.<\/noscript><button type=\"submit\" name=\"wpforms[submit]\" id=\"wpforms-submit-6908\" class=\"wpforms-submit hgd_senden\" data-alt-text=\"senden...\" data-submit-text=\"absenden\" aria-live=\"assertive\" value=\"wpforms-submit\">absenden<\/button><\/div><\/form><\/div>  <!-- .wpforms-container -->[vc_column_text]* = Pflichtfeld[\/vc_column_text][\/vc_column][\/vc_row][vc_row][vc_column width=&#8221;1\/2&#8243;][vc_column_text css=&#8221;.vc_custom_1634824141020{padding-top: 20px !important;padding-right: 20px !important;padding-bottom: 20px !important;padding-left: 20px !important;background-color: #ffffff !important;}&#8221; el_class=&#8221;shadow&#8221;]<strong>HGD Haus und Garten<br \/>\nDeutschland Handelskooperation GmbH<\/strong><\/p>\n<p><a href=\"https:\/\/goo.gl\/maps\/wMsjjS8oPRyVTYuU6\">Lauterbergstr. 1-5<\/a><br \/>\n<a href=\"https:\/\/goo.gl\/maps\/wMsjjS8oPRyVTYuU6\">76137 Karlsruhe<\/a><\/p>\n<p>Telefon <a href=\"tel:+497213522973\">0721 352-2973<\/a><br \/>\nFax 0721 352-254483<\/p>\n<p>E-Mail: <a href=\"mailto:ordermesse@hgdgmbh.de\">ordermesse@hgdgmbh.de<\/a><br \/>\nWeb: <a href=\"https:\/\/www.hgdgmbh.de\">www.hgdgmbh.de<\/a>[\/vc_column_text][\/vc_column][vc_column width=&#8221;1\/2&#8243;][vc_column_text]\n<div id=\"ShortCode_Div\">\n        <div id=\"map_ol3js_1\"\n             class=\"map undefined\"\n             data-map_name=\"undefined\"\n             data-map=\"map_ol3js_1\"\n             style=\"width:95%;\n                    max-width:100%;\n                    height:275px;\n                    display:block;\n                    overflow:hidden;\n                    border:2px solid grey;\">\n          <div id=\"map_ol3js_1_popup\" class=\"ol-popup\">\n            <a href=\"#\" id=\"map_ol3js_1_popup-closer\" class=\"ol-popup-closer\"><\/a>\n            <div id=\"map_ol3js_1_popup-content\"><\/div>\n          <\/div>\n        <\/div>\n    \n\n\t\t\t\t<script type=\"text\/javascript\">\n\t\t\t\t\ttranslations['openlayer'] = \"open layer\";\n\t\t\t\t\ttranslations['openlayerAtStartup'] = \"open layer at startup\";\n\t\t\t\t\ttranslations['generateLink'] = \"link to this map with opened layers\";\n\t\t\t\t\ttranslations['shortDescription'] = \"short description\";\n\t\t\t\t\ttranslations['generatedShortCode'] = \"to get a text control link paste this code in your wordpress editor\";\n\t\t\t\t\ttranslations['closeLayer'] = \"close layer\";\n\t\t\t\t\ttranslations['cantGenerateLink'] = \"put this string in the existing map short code to control this map\";\n\t\t\t  <\/script>\n\n\n\t\t\t  <script type=\"text\/javascript\">\n\t\t\t  vectorM['map_ol3js_1'] = [];\n\t        \n        var raster = getTileLayer(\"osm\",\"NoKey\");\t\t\t\n\n\t\t\t  var map_ol3js_1 = new ol.Map({\n\t\t\t\tinteractions: ol.interaction.defaults.defaults({mouseWheelZoom:false}),\n\t\t\t\tlayers: [raster],\n\t\t\t\ttarget: \"map_ol3js_1\",\n\t\t\t\tview: new ol.View({\n\t\t\t\t  center: ol.proj.transform([8.4047,48.9965], \"EPSG:4326\", \"EPSG:3857\"),\n\t\t\t\t  zoom: 18.0\n\t\t\t\t})\n\t\t\t  });\n\t\t\t  osm_addMarkerLayer(map_ol3js_1,8.4047,48.9966,\"https:\/\/hgdgmbh.de\/ordermesse\/wp-content\/plugins\/osm\/icons\/mic_green_pinother_02.png\",-16,-41,\"<p><\/p>\") ; \naddControls2Map(map_ol3js_1,0,0,3,0,5,6,7,0,1);\nosm_addPopupClickhandler(map_ol3js_1,  \"map_ol3js_1\"); \nosm_addMouseHover(map_ol3js_1); <\/script><\/div>\n[\/vc_column_text][\/vc_column][\/vc_row][\/vc_section]\n<\/div>","protected":false},"excerpt":{"rendered":"<p>[vc_section full_width=&#8221;stretch_row&#8221; css=&#8221;.vc_custom_1601980121088{padding-top: 0px !important;background-color: #efefef !important;}&#8221;][vc_row full_width=&#8221;stretch_row_content&#8221; fullwidth=&#8221;yes&#8221; fw_columns=&#8221;yes&#8221;][vc_column][\/vc_column][\/vc_row][\/vc_section][vc_section full_width=&#8221;stretch_row&#8221; css=&#8221;.vc_custom_1591710242383{padding-top: 100px !important;background-image: url(https:\/\/hgdgmbh.de\/ordermesse\/wp-content\/uploads\/sites\/4\/2020\/06\/shutterstock_1596393229b.jpg?id=7087) !important;background-position: center !important;background-repeat: no-repeat !important;background-size: [&hellip;]<\/p>\n","protected":false},"author":9,"featured_media":0,"parent":6475,"menu_order":9,"comment_status":"closed","ping_status":"closed","template":"","meta":{"footnotes":""},"class_list":["post-7246","page","type-page","status-publish","hentry"],"_links":{"self":[{"href":"https:\/\/hgdgmbh.de\/ordermesse\/wp-json\/wp\/v2\/pages\/7246","targetHints":{"allow":["GET"]}}],"collection":[{"href":"https:\/\/hgdgmbh.de\/ordermesse\/wp-json\/wp\/v2\/pages"}],"about":[{"href":"https:\/\/hgdgmbh.de\/ordermesse\/wp-json\/wp\/v2\/types\/page"}],"author":[{"embeddable":true,"href":"https:\/\/hgdgmbh.de\/ordermesse\/wp-json\/wp\/v2\/users\/9"}],"replies":[{"embeddable":true,"href":"https:\/\/hgdgmbh.de\/ordermesse\/wp-json\/wp\/v2\/comments?post=7246"}],"version-history":[{"count":14,"href":"https:\/\/hgdgmbh.de\/ordermesse\/wp-json\/wp\/v2\/pages\/7246\/revisions"}],"predecessor-version":[{"id":24790,"href":"https:\/\/hgdgmbh.de\/ordermesse\/wp-json\/wp\/v2\/pages\/7246\/revisions\/24790"}],"up":[{"embeddable":true,"href":"https:\/\/hgdgmbh.de\/ordermesse\/wp-json\/wp\/v2\/pages\/6475"}],"wp:attachment":[{"href":"https:\/\/hgdgmbh.de\/ordermesse\/wp-json\/wp\/v2\/media?parent=7246"}],"curies":[{"name":"wp","href":"https:\/\/api.w.org\/{rel}","templated":true}]}}