{"id":25108,"date":"2023-10-10T07:19:54","date_gmt":"2023-10-10T05:19:54","guid":{"rendered":"https:\/\/hgdgmbh.de\/ordermesse\/?page_id=25108"},"modified":"2024-10-10T17:09:08","modified_gmt":"2024-10-10T15:09:08","slug":"bafa-neu-gmbh","status":"publish","type":"page","link":"https:\/\/hgdgmbh.de\/ordermesse\/aussteller\/sortimente\/heimtier-und-hobbyfarming\/bafa-neu-gmbh\/","title":{"rendered":"BaFa Neu GmbH"},"content":{"rendered":"<div class=\"wpb-content-wrapper\">[vc_section full_width=&#8221;stretch_row&#8221; css=&#8221;.vc_custom_1591967561892{padding-top: 100px !important;background-color: #efefef !important;background-position: center !important;background-repeat: no-repeat !important;background-size: cover !important;}&#8221; el_id=&#8221;portrait&#8221;][vc_row fullwidth=&#8221;yes&#8221;][vc_column]<div class=\"shortcode-wrapper shortcode-title clearfix hgd_nocaps\"><h1 class=\"aligncenter\">BaFa Neu GmbH<\/h1><\/div>[vc_single_image image=&#8221;6169&#8243; img_size=&#8221;60&#215;8&#8243; alignment=&#8221;center&#8221;][\/vc_column][\/vc_row][vc_row css=&#8221;.vc_custom_1592298274458{margin-bottom: 50px !important;}&#8221;][vc_column width=&#8221;3\/4&#8243; css=&#8221;.vc_custom_1592382394045{margin-bottom: 100px !important;}&#8221;][vc_column_text css=&#8221;.vc_custom_1696590760602{padding-top: 20px !important;padding-right: 20px !important;padding-bottom: 50px !important;padding-left: 20px !important;background-color: #ffffff !important;background-position: center !important;background-repeat: no-repeat !important;background-size: cover !important;}&#8221;]Die BAFA Badische Naturfaseraufbereitung GmbH (Gesch\u00e4ftsf\u00fchrer: Bernd Frank) wurde 1996, im Jahr der Wieder-Legalisierung des Nutzhanf-Anbaus, gegr\u00fcndet. Als Bindeglied zwischen Landwirtschaft und Industrie bereitete die BAFA als erste deutsche Hanffaseraufbereitung einheimisches Hanfstroh mechanisch in Fasern und Sch\u00e4ben auf.<\/p>\n<p>Die regelm\u00e4\u00dfige Verwendung von BAFA-Hanf-Einstreu steigert das Wohlbefinden und die Gesundheit Ihres Pferdes.<\/p>\n<p>Durch Zugabe einer \u00e4therischen Essenz wird einer m\u00f6glichen Aufnahme der Streu entgegengewirkt.<\/p>\n<p>Die t\u00e4gliche Ausmistzeit verringert sich deutlich, da die Einstreu nicht so h\u00e4ufig gewechselt werden muss.<\/p>\n<p>Auch das Einstreuen selbst wird durch die Handlichkeit und Staubfreiheit der BAFA-Hanf-Einstreu wesentlich erleichtert.<\/p>\n<p>Das Mistaufkommen reduziert sich drastisch. Die Umsetzungszeit auf dem Kompost erfolgt innerhalb weniger Monate und das Endprodukt hat eine hervorragende D\u00fcngequalit\u00e4t.<\/p>\n<p>Die BAFA-Hanfeinstreu eignet sich auch f. Kleintiere[\/vc_column_text][vc_tta_accordion shape=&#8221;square&#8221; color=&#8221;white&#8221; c_icon=&#8221;chevron&#8221; c_position=&#8221;right&#8221; active_section=&#8221;3&#8243; collapsible_all=&#8221;true&#8221;][vc_tta_section i_icon_fontawesome=&#8221;fas fa-file&#8221; add_icon=&#8221;true&#8221; title=&#8221;Ordersatz&#8221; tab_id=&#8221;1697208808934-9e0d48a5-dbcb&#8221;]                <div id=\"wpdmtree\"><\/div>       <link rel=\"stylesheet\" href=\"https:\/\/hgdgmbh.de\/ordermesse\/wp-content\/plugins\/wpdm-extended-shortcodes\/css\/jqueryFileTree.css\" \/>              <div id=\"tree69e0fdf1b159c\"><\/div>    <script>        jQuery( function($) {                 var nw = 0;            $.getScript('https:\/\/hgdgmbh.de\/ordermesse\/wp-content\/plugins\/wpdm-extended-shortcodes\/js\/jqueryFileTree.js', function() {              $('#tree69e0fdf1b159c').fileTree({                script: 'https:\/\/hgdgmbh.de\/ordermesse\/?task=wpdm_tree&params=OkBESNo1j0fVbSB8z3bGw8lwAvPY6IZBPGmt8Of0p3-Hm8_77eLtY4x1bYQBdY41HV2Z3ssNzNhbJY06Rw5h_QD5kSphhceQSWCPTsNzg6HCCFhCuelBm2Nbu_L3nqPxuEwSxP8LwJFqIf7seBpzZNfr9z0haexCEMGUT-PwUtQ',                 expandSpeed: 1000,                collapseSpeed: 1000,                root: '865',                multiFolder: false            }, function(file) {               if(nw === 1)                window.open(file);                else                location.href = file;                          });            });                    });    <\/script>    [\/vc_tta_section][\/vc_tta_accordion][\/vc_column][vc_column width=&#8221;1\/4&#8243; css=&#8221;.vc_custom_1592299681971{padding-bottom: 10px !important;background-color: #ffffff !important;}&#8221;][vc_btn title=&#8221;Kontakt&#8221; style=&#8221;outline&#8221; align=&#8221;left&#8221; i_icon_fontawesome=&#8221;fas fa-envelope&#8221; button_block=&#8221;true&#8221; add_icon=&#8221;true&#8221; link=&#8221;url:%23kontakt|||&#8221;][\/vc_column][\/vc_row][\/vc_section][vc_section full_width=&#8221;stretch_row&#8221; css=&#8221;.vc_custom_1590595029268{padding-top: 75px !important;}&#8221; el_id=&#8221;media&#8221;][vc_row][vc_column][vc_media_grid style=&#8221;pagination&#8221; items_per_page=&#8221;4&#8243; element_width=&#8221;3&#8243; gap=&#8221;30&#8243; paging_design=&#8221;none&#8221; loop=&#8221;yes&#8221; autoplay=&#8221;5&#8243; grid_id=&#8221;vc_gid:1728572939355-7ac80636-66d2-3&#8243; include=&#8221;25112,23839,23840,23841&#8243; paging_animation_in=&#8221;fadeIn&#8221; paging_animation_out=&#8221;fadeOut&#8221;][\/vc_column][\/vc_row][\/vc_section][vc_section full_width=&#8221;stretch_row&#8221; css=&#8221;.vc_custom_1696597783533{padding-top: 100px !important;background-image: url(https:\/\/hgdgmbh.de\/ordermesse\/wp-content\/uploads\/sites\/4\/2020\/05\/shutterstock_601328912_Ersatz_Hintergrund_Holz-scaled.jpg?id=6729) !important;}&#8221;][vc_row][vc_column]<div class=\"shortcode-wrapper shortcode-title clearfix hgd\"><h1 class=\"aligncenter\">ARTIKELBILDER-\u00dcBERSICHT.<\/h1><\/div>[vc_single_image image=&#8221;6169&#8243; img_size=&#8221;60&#215;8&#8243; alignment=&#8221;center&#8221;][vc_column_text css=&#8221;.vc_custom_1696597838979{margin-top: 20px !important;margin-bottom: 20px !important;border-top-width: 20px !important;border-bottom-width: 20px !important;padding-top: 20px !important;padding-bottom: 20px !important;padding-left: 50px !important;background-color: #ffffff !important;}&#8221;]\n<p style=\"text-align: center;\" align=\"center\">Bilder sagen mehr als 1.000 Worte!\u00a0Tauchen Sie ein in die Bilder-Welt unserer Neuheiten und Artikel, die wir zur HGD Ordermesse anbieten.<\/p>\n[\/vc_column_text][vc_column_text css=&#8221;&#8221;]<div class=\"ead-preview\"><div class=\"ead-document\" style=\"position: relative;\"><div class=\"ead-iframe-wrapper\"><iframe src=\"\/\/docs.google.com\/viewer?url=https%3A%2F%2Fhgdgmbh.de%2Fordermesse%2Fwp-content%2Fuploads%2Fsites%2F4%2F2024%2F09%2FBafa_ABUe_2024_ev.pdf&amp;embedded=true&amp;hl=en\" title=\"Embedded Document\" class=\"ead-iframe\" style=\"width: 100%;height: 412px;border: none;visibility: hidden;\"><\/iframe><\/div>\t\t\t<div class=\"ead-document-loading\" style=\"width:100%;height:100%;position:absolute;left:0;top:0;z-index:10;\">\n\t\t\t\t<div class=\"ead-loading-wrap\">\n\t\t\t\t\t<div class=\"ead-loading-main\">\n\t\t\t\t\t\t<div class=\"ead-loading\">\n\t\t\t\t\t\t\t<img loading=\"lazy\" decoding=\"async\" src=\"https:\/\/hgdgmbh.de\/ordermesse\/wp-content\/plugins\/embed-any-document\/images\/loading.svg\" width=\"55\" height=\"55\" alt=\"Loader\">\n\t\t\t\t\t\t\t<span>Loading...<\/span>\n\t\t\t\t\t\t<\/div>\n\t\t\t\t\t<\/div>\n\t\t\t\t\t<div class=\"ead-loading-foot\">\n\t\t\t\t\t\t<div class=\"ead-loading-foot-title\">\n\t\t\t\t\t\t\t<img loading=\"lazy\" decoding=\"async\" src=\"https:\/\/hgdgmbh.de\/ordermesse\/wp-content\/plugins\/embed-any-document\/images\/EAD-logo.svg\" alt=\"EAD Logo\" width=\"36\" height=\"23\"\/>\n\t\t\t\t\t\t\t<span>Taking too long?<\/span>\n\t\t\t\t\t\t<\/div>\n\t\t\t\t\t\t<div class=\"ead-document-btn ead-reload-btn\" role=\"button\">\n\t\t\t\t\t\t\t\t<img loading=\"lazy\" decoding=\"async\" src=\"https:\/\/hgdgmbh.de\/ordermesse\/wp-content\/plugins\/embed-any-document\/images\/reload.svg\" alt=\"Reload\" width=\"12\" height=\"12\"\/> Reload document\t\t\t\t\t\t\t<\/div>\n\t\t\t\t\t\t\t<span>|<\/span>\n\t\t\t\t\t\t\t<a href=\"https:\/\/hgdgmbh.de\/ordermesse\/wp-content\/uploads\/sites\/4\/2024\/09\/Bafa_ABUe_2024_ev.pdf\" class=\"ead-document-btn\" target=\"_blank\">\n\t\t\t\t\t\t\t\t<img loading=\"lazy\" decoding=\"async\" src=\"https:\/\/hgdgmbh.de\/ordermesse\/wp-content\/plugins\/embed-any-document\/images\/open.svg\" alt=\"Open\" width=\"12\" height=\"12\"\/> Open in new tab\t\t\t\t\t\t\t<\/a>\n\t\t\t\t\t<\/div>\n\t\t\t\t<\/div>\n\t\t\t<\/div>\n\t\t<\/div><\/div>[\/vc_column_text][\/vc_column][\/vc_row][\/vc_section][vc_section full_width=&#8221;stretch_row&#8221; css=&#8221;.vc_custom_1592470158390{padding-top: 100px !important;background-image: url(https:\/\/hgdgmbh.de\/ordermesse\/wp-content\/uploads\/sites\/4\/2020\/06\/shutterstock_1420642463-heller-1024x683_bearb.png?id=7301) !important;background-position: center !important;background-repeat: no-repeat !important;background-size: cover !important;}&#8221; el_id=&#8221;kontakt&#8221;][vc_row][vc_column]<div class=\"shortcode-wrapper shortcode-title clearfix hgd\"><h1 class=\"aligncenter\">Kontaktieren Sie uns.<\/h1><\/div>[vc_single_image image=&#8221;6169&#8243; img_size=&#8221;60&#215;8&#8243; alignment=&#8221;center&#8221;]<div class=\"shortcode-wrapper shortcode-spacer clearfix\"><div class=\"spacer\"><\/div><\/div>[\/vc_column][\/vc_row][vc_row][vc_column][vc_row_inner][vc_column_inner width=&#8221;1\/3&#8243;][\/vc_column_inner][vc_column_inner width=&#8221;1\/3&#8243;]<div class=\"shortcode-wrapper shortcode-icon-box clearfix \" data-delay=\"\u201d0\u2033\"><div class=\"content-box top-icon\"><i class=\"hb-moon-location-5 box-icon\"><\/i><div class=\"aligncenter\">\n<div class=\"wpforms-entry-field wpforms-field-text\">\n<p class=\"wpforms-entry-field-value\" style=\"text-align: center;\"><strong>BaFa Neu GmbH<\/strong><\/p>\n<\/div>\n<p style=\"text-align: center;\">Stephanstra\u00dfe 2, 76316 Malsch<\/p>\n<p style=\"text-align: center;\">Telefon +49 7246925750<br \/>\nFax +49 72469257523<br \/>\nE-Mail <a href=\"mailto:info@bafa-gmbh.de\">info@bafa-gmbh.de<\/a><\/p>\n<\/div><\/div><\/div>[\/vc_column_inner][vc_column_inner width=&#8221;1\/3&#8243;][\/vc_column_inner][\/vc_row_inner][vc_row_inner][vc_column_inner width=&#8221;1\/3&#8243;]<div class=\"shortcode-wrapper shortcode-icon-box clearfix \" data-delay=\"\u201d0\u2033\"><div class=\"content-box top-icon\"><i class=\"hb-moon-users box-icon\"><\/i><div class=\"aligncenter\"><h4 class=\"semi-bold\">Ansprechpartner<\/h4>\n<p style=\"text-align: center;\">Unsere Ansprechpartner sind f\u00fcr Sie da.<\/p>\n<div style=\"text-align: center;\"><a href=\"#ansprechpartner\"><button class=\"hgd_button\">Kontaktieren Sie uns<\/button><\/a><\/div>\n<\/div><\/div><\/div>[\/vc_column_inner][vc_column_inner width=&#8221;1\/3&#8243;]<div class=\"shortcode-wrapper shortcode-icon-box clearfix \" data-delay=\"\u201d0\u2033\"><div class=\"content-box top-icon\"><i class=\"icon-envelope box-icon\"><\/i><div class=\"aligncenter\"><h4 class=\"semi-bold\">Kontaktformular<\/h4>\n<p style=\"text-align: center;\">Sie haben Fragen? Kontaktieren Sie uns einfach.<\/p>\n<div style=\"text-align: center;\"><a href=\"#kontaktformular\"><button class=\"hgd_button\">Schreiben Sie uns<\/button><\/a><\/div>\n<\/div><\/div><\/div>[\/vc_column_inner][vc_column_inner width=&#8221;1\/3&#8243;]<div class=\"shortcode-wrapper shortcode-icon-box clearfix \" data-delay=\"\u201d0\u2033\"><div class=\"content-box top-icon\"><i class=\"hb-moon-globe box-icon\"><\/i><div class=\"aligncenter\"><h4 class=\"semi-bold\">Firmen-Website<\/h4>\n<p style=\"text-align: center;\">Hier geht&#8217;s zur Webseite.<\/p>\n<div style=\"text-align: center;\"><a href=\"https:\/\/www.bafa-gmbh.de\"><button class=\"hgd_button\">Webseite<\/button><\/a><\/div>\n<\/div><\/div><\/div>[\/vc_column_inner][\/vc_row_inner]<div class=\"shortcode-wrapper shortcode-spacer clearfix\"><div class=\"spacer\"><\/div><\/div>[\/vc_column][\/vc_row][\/vc_section][vc_section full_width=&#8221;stretch_row&#8221; css=&#8221;.vc_custom_1590604843859{padding-top: 100px !important;background-color: #efefef !important;}&#8221; el_id=&#8221;ansprechpartner&#8221;][vc_row][vc_column]<div class=\"shortcode-wrapper shortcode-title clearfix hgd\"><h1 class=\"aligncenter\">Ansprechpartner.<\/h1><\/div>[vc_single_image image=&#8221;6169&#8243; img_size=&#8221;60&#215;8&#8243; alignment=&#8221;center&#8221;][\/vc_column][\/vc_row][vc_row][vc_column]<div class=\"shortcode-wrapper shortcode-team-member-box \"><div class=\"row\"><div class=\"col-3\">\n\t\t<div class=\"team-member-box tmb-2\">\n\t\t\t\t\t\t\t\t\t\n\t\t\t<div class=\"team-member-img\">\n\n\t\t\t\t<img decoding=\"async\" src=\"https:\/\/hgdgmbh.de\/ordermesse\/wp-content\/uploads\/sites\/4\/2020\/09\/shutterstock_1373616899_Mann_NEU_grau-350x350.jpg\" alt=\"Uwe B\u00fchrer\"\/>\n\t\t\t\t\t\t\t\t\t\t<ul class=\"social-icons dark\">\n\t\t\t\t\t\n\t\t\t\t\t\t\n\t\t\t\t\t\t\t\n\t\t\t\t\t\t\t<li class=\"envelop\">\n\n\t\t\t\t\t\t\t\t\t\t\t\t\t\t\t\t\t<a href=\"mailto:uwe@bafa-gmbh.de\">\n\t\t\t\t\t\t\t\t\t\t<i class=\"hb-moon-envelop\"><\/i>\n\t\t\t\t\t\t\t\t\t\t<i class=\"hb-moon-envelop\"><\/i>\n\t\t\t\t\t\t\t\t\t<\/a>\n\t\t\t\t\t\t\t\t\n\t\t\t\t\t\t\t<\/li>\n\n\t\t\t\t\t\t\n\t\t\t\t\t\t\t\n\t\t\t\t\t\t\t\n\t\t\t\t\t\t\t\n\t\t\t\t\t\t\t\n\t\t\t\t\t\t\t\n\t\t\t\t\t\t\t\n\t\t\t\t\t\t\t\n\t\t\t\t\t\t\t\n\t\t\t\t\t\t\t\n\t\t\t\t\t\t\t\n\t\t\t\t\t\t\t\n\t\t\t\t\t\t\t\n\t\t\t\t\t\t\t\n\t\t\t\t\t\t\t\n\t\t\t\t\t\t\t\n\t\t\t\t\t\t\t\n\t\t\t\t\t\t\t\n\t\t\t\t\t\t\t\n\t\t\t\t\t\t\t\n\t\t\t\t\t\t\t\n\t\t\t\t\t\t\t\n\t\t\t\t\t\t\t\n\t\t\t\t\t\t\t\n\t\t\t\t\t\t\t\n\t\t\t\t\t\t\t\n\t\t\t\t\t\t\t\n\t\t\t\t\t\t\t\n\t\t\t\t\t\t\t\n\t\t\t\t\t\t\t\n\t\t\t\t\t\t\t\n\t\t\t\t\t\t\t\n\t\t\t\t\t\t\t\n\t\t\t\t\t\t\t\n\t\t\t\t\t\t\t\n\t\t\t\t\t\t\t\t\t\t\t\t<\/ul>\n\t\t\t\t\t\n\t\t\t\t\t\t\t<\/div><!-- END .team-member-img -->\n\t\t\t\t\t\t\t\t\t\t\n\t\t\t<div class=\"team-member-description\">\n\n\t\t\t\t<div class=\"team-header-info clearfix\">\n\n\t\t\t\t\t<div class=\"team-name\">\n\t\t\t\t\t\t<h4 class=\"team-member-name\"><a href=\"https:\/\/hgdgmbh.de\/ordermesse\/team\/uwe-buehrer\/\">Uwe B\u00fchrer<\/a><\/h4>\n\n\t\t\t\t\t\t\t\t\t\t\t\t\t<p class=\"team-position\">Key Account<\/p>\n\t\t\t\t\t\t\t\t\t\t\t<\/div><!-- END .team-name -->\n\t\t\t\t\t\t\t\t\t\t\t\t\n\t\t\t\t\t\t\t\t\t\t\t\t\n\t\t\t\t<\/div><!-- END .team-header-info -->\n\n\t\t\t\t\n\t\t\t\t\t<div class=\"spacer\" style=\"height:10px;\"><\/div>\n\t\t\t\t\t<div class=\"team-member-content\">\n\t\t\t\t\t\t<div class=\"spacer\" style=\"height:15px;\"><\/div><p class=\"nbm\">+49 72469257524<\/p>\t\t\t\t\t<\/div><!-- END .team-member-content -->\n\t\t\t\t\n\t\t\t\t<a class=\"simple-read-more\" href=\"https:\/\/hgdgmbh.de\/ordermesse\/team\/uwe-buehrer\/\" target=\"_self\">View Profile<\/a>\n\t\t\t<\/div><!-- END .team-member-description -->\t\n\n\t\t<\/div><!-- END .team-member-box -->\n\n\t\t<\/div><div class=\"col-3\">\n\t\t<div class=\"team-member-box tmb-2\">\n\t\t\t\t\t\t\t\t\t\n\t\t\t<div class=\"team-member-img\">\n\n\t\t\t\t<img decoding=\"async\" src=\"https:\/\/hgdgmbh.de\/ordermesse\/wp-content\/uploads\/sites\/4\/2020\/09\/Ansprechpartner_Portrait_Brustbild_350x350px_Geiser.jpg\" alt=\"Christian Geiser\"\/>\n\t\t\t\t\t\t\t\t\t\t<ul class=\"social-icons dark\">\n\t\t\t\t\t\n\t\t\t\t\t\t\n\t\t\t\t\t\t\t\n\t\t\t\t\t\t\t<li class=\"envelop\">\n\n\t\t\t\t\t\t\t\t\t\t\t\t\t\t\t\t\t<a href=\"mailto:christian.geiser@hgdgmbh.de\">\n\t\t\t\t\t\t\t\t\t\t<i class=\"hb-moon-envelop\"><\/i>\n\t\t\t\t\t\t\t\t\t\t<i class=\"hb-moon-envelop\"><\/i>\n\t\t\t\t\t\t\t\t\t<\/a>\n\t\t\t\t\t\t\t\t\n\t\t\t\t\t\t\t<\/li>\n\n\t\t\t\t\t\t\n\t\t\t\t\t\t\t\n\t\t\t\t\t\t\t\n\t\t\t\t\t\t\t\n\t\t\t\t\t\t\t\n\t\t\t\t\t\t\t\n\t\t\t\t\t\t\t\n\t\t\t\t\t\t\t\n\t\t\t\t\t\t\t\n\t\t\t\t\t\t\t\n\t\t\t\t\t\t\t\n\t\t\t\t\t\t\t\n\t\t\t\t\t\t\t\n\t\t\t\t\t\t\t\n\t\t\t\t\t\t\t\n\t\t\t\t\t\t\t\n\t\t\t\t\t\t\t\n\t\t\t\t\t\t\t\n\t\t\t\t\t\t\t\n\t\t\t\t\t\t\t\n\t\t\t\t\t\t\t\n\t\t\t\t\t\t\t\n\t\t\t\t\t\t\t\n\t\t\t\t\t\t\t\n\t\t\t\t\t\t\t\n\t\t\t\t\t\t\t\n\t\t\t\t\t\t\t\n\t\t\t\t\t\t\t\n\t\t\t\t\t\t\t\n\t\t\t\t\t\t\t\n\t\t\t\t\t\t\t\n\t\t\t\t\t\t\t\n\t\t\t\t\t\t\t\n\t\t\t\t\t\t\t\n\t\t\t\t\t\t\t\n\t\t\t\t\t\t\t\t\t\t\t\t<\/ul>\n\t\t\t\t\t\n\t\t\t\t\t\t\t<\/div><!-- END .team-member-img -->\n\t\t\t\t\t\t\t\t\t\t\n\t\t\t<div class=\"team-member-description\">\n\n\t\t\t\t<div class=\"team-header-info clearfix\">\n\n\t\t\t\t\t<div class=\"team-name\">\n\t\t\t\t\t\t<h4 class=\"team-member-name\"><a href=\"https:\/\/hgdgmbh.de\/ordermesse\/team\/christian-geiser\/\">Christian Geiser<\/a><\/h4>\n\n\t\t\t\t\t\t\t\t\t\t\t\t\t<p class=\"team-position\">Sortimentsmanager<\/p>\n\t\t\t\t\t\t\t\t\t\t\t<\/div><!-- END .team-name -->\n\t\t\t\t\t\t\t\t\t\t\t\t\n\t\t\t\t\t\t\t\t\t\t\t\t\n\t\t\t\t<\/div><!-- END .team-header-info -->\n\n\t\t\t\t\n\t\t\t\t\t<div class=\"spacer\" style=\"height:10px;\"><\/div>\n\t\t\t\t\t<div class=\"team-member-content\">\n\t\t\t\t\t\t<div class=\"spacer\" style=\"height:15px;\"><\/div><p class=\"nbm\">Tel.: +49 721 352-1681<\/p>\t\t\t\t\t<\/div><!-- END .team-member-content -->\n\t\t\t\t\n\t\t\t\t<a class=\"simple-read-more\" href=\"https:\/\/hgdgmbh.de\/ordermesse\/team\/christian-geiser\/\" target=\"_self\">View Profile<\/a>\n\t\t\t<\/div><!-- END .team-member-description -->\t\n\n\t\t<\/div><!-- END .team-member-box -->\n\n\t\t<\/div><\/div><\/div>[\/vc_column][\/vc_row][\/vc_section][vc_section full_width=&#8221;stretch_row&#8221; css=&#8221;.vc_custom_1592402279895{padding-top: 100px !important;background-image: url(https:\/\/hgdgmbh.de\/ordermesse\/wp-content\/uploads\/sites\/4\/2020\/06\/hg_radial.png?id=7298) !important;background-position: center !important;background-repeat: no-repeat !important;background-size: cover !important;}&#8221; el_id=&#8221;kontaktformular&#8221;][vc_row][vc_column]<div class=\"shortcode-wrapper shortcode-title clearfix hgd\"><h1 class=\"aligncenter\">Kontakt.<\/h1><\/div>[vc_single_image image=&#8221;6169&#8243; img_size=&#8221;60&#215;8&#8243; alignment=&#8221;center&#8221;]<div class=\"wpforms-container wpforms-container-full hgd_kontakt\" id=\"wpforms-25118\"><form id=\"wpforms-form-25118\" class=\"wpforms-validate wpforms-form\" data-formid=\"25118\" method=\"post\" enctype=\"multipart\/form-data\" action=\"\/ordermesse\/wp-json\/wp\/v2\/pages\/25108\" data-token=\"f3022490a8b239517ed1b8f6e3626349\" data-token-time=\"1776352753\"><noscript class=\"wpforms-error-noscript\">Bitte aktivieren Sie JavaScript in Ihrem Browser, um dieses Formular fertigzustellen.<\/noscript><div class=\"wpforms-field-container\"><div id=\"wpforms-25118-field_0-container\" class=\"wpforms-field wpforms-field-name wpforms-one-half wpforms-first\" data-field-id=\"0\"><label class=\"wpforms-field-label wpforms-label-hide\" for=\"wpforms-25118-field_0\">Vorname <span class=\"wpforms-required-label\">*<\/span><\/label><input type=\"text\" id=\"wpforms-25118-field_0\" class=\"wpforms-field-large wpforms-field-required\" name=\"wpforms[fields][0]\" placeholder=\"Vorname *\" required><\/div><div id=\"wpforms-25118-field_6-container\" class=\"wpforms-field wpforms-field-name wpforms-one-half\" data-field-id=\"6\"><label class=\"wpforms-field-label wpforms-label-hide\" for=\"wpforms-25118-field_6\">Nachname <span class=\"wpforms-required-label\">*<\/span><\/label><input type=\"text\" id=\"wpforms-25118-field_6\" class=\"wpforms-field-large wpforms-field-required\" name=\"wpforms[fields][6]\" placeholder=\"Nachname *\" required><\/div><div id=\"wpforms-25118-field_3-container\" class=\"wpforms-field wpforms-field-name wpforms-one-half wpforms-first\" data-field-id=\"3\"><label class=\"wpforms-field-label wpforms-label-hide\" for=\"wpforms-25118-field_3\">Firma <span class=\"wpforms-required-label\">*<\/span><\/label><input type=\"text\" id=\"wpforms-25118-field_3\" class=\"wpforms-field-large wpforms-field-required\" name=\"wpforms[fields][3]\" placeholder=\"Firma *\" required><\/div><div id=\"wpforms-25118-field_5-container\" class=\"wpforms-field wpforms-field-name wpforms-one-half\" data-field-id=\"5\"><label class=\"wpforms-field-label wpforms-label-hide\" for=\"wpforms-25118-field_5\">Position <span class=\"wpforms-required-label\">*<\/span><\/label><input type=\"text\" id=\"wpforms-25118-field_5\" class=\"wpforms-field-large wpforms-field-required\" name=\"wpforms[fields][5]\" placeholder=\"Position *\" required><\/div><div id=\"wpforms-25118-field_8-container\" class=\"wpforms-field wpforms-field-name wpforms-one-half wpforms-first\" data-field-id=\"8\"><label class=\"wpforms-field-label wpforms-label-hide\" for=\"wpforms-25118-field_8\">PLZ <span class=\"wpforms-required-label\">*<\/span><\/label><input type=\"text\" id=\"wpforms-25118-field_8\" class=\"wpforms-field-large wpforms-field-required\" name=\"wpforms[fields][8]\" placeholder=\"PLZ *\" required><\/div><div id=\"wpforms-25118-field_7-container\" class=\"wpforms-field wpforms-field-name wpforms-one-half\" data-field-id=\"7\"><label class=\"wpforms-field-label wpforms-label-hide\" for=\"wpforms-25118-field_7\">Ort <span class=\"wpforms-required-label\">*<\/span><\/label><input type=\"text\" id=\"wpforms-25118-field_7\" class=\"wpforms-field-large wpforms-field-required\" name=\"wpforms[fields][7]\" placeholder=\"Ort *\" required><\/div><div id=\"wpforms-25118-field_1-container\" class=\"wpforms-field wpforms-field-email wpforms-one-half wpforms-first\" data-field-id=\"1\"><label class=\"wpforms-field-label wpforms-label-hide\" for=\"wpforms-25118-field_1\">E-Mail <span class=\"wpforms-required-label\">*<\/span><\/label><input type=\"email\" id=\"wpforms-25118-field_1\" class=\"wpforms-field-large wpforms-field-required\" name=\"wpforms[fields][1]\" placeholder=\"E-Mail *\" spellcheck=\"false\" required><\/div><div id=\"wpforms-25118-field_11-container\" class=\"wpforms-field wpforms-field-number wpforms-one-half\" data-field-id=\"11\"><label class=\"wpforms-field-label wpforms-label-hide\" for=\"wpforms-25118-field_11\">Telefon<\/label><input type=\"number\" id=\"wpforms-25118-field_11\" class=\"wpforms-field-large\" name=\"wpforms[fields][11]\" placeholder=\"Telefon *\" step=\"any\" ><\/div><div id=\"wpforms-25118-field_10-container\" class=\"wpforms-field wpforms-field-select wpforms-field-select-style-classic\" data-field-id=\"10\"><label class=\"wpforms-field-label wpforms-label-hide\" for=\"wpforms-25118-field_10\">Mein Anliegen <span class=\"wpforms-required-label\">*<\/span><\/label><select id=\"wpforms-25118-field_10\" class=\"wpforms-field-large wpforms-field-required\" name=\"wpforms[fields][10]\" required=\"required\"><option value=\"\" class=\"placeholder\" disabled  selected='selected'>Mein Anliegen *<\/option><option value=\"Produkt\"  class=\"choice-1 depth-1\"  >Produkt<\/option><option value=\"Sortiment\"  class=\"choice-2 depth-1\"  >Sortiment<\/option><option value=\"Terminvereinbarung\"  class=\"choice-3 depth-1\"  >Terminvereinbarung<\/option><option value=\"Sonstiges\"  class=\"choice-4 depth-1\"  >Sonstiges<\/option><\/select><\/div><div id=\"wpforms-25118-field_2-container\" class=\"wpforms-field wpforms-field-textarea\" data-field-id=\"2\"><label class=\"wpforms-field-label wpforms-label-hide\" for=\"wpforms-25118-field_2\">Ihre Nachricht <span class=\"wpforms-required-label\">*<\/span><\/label><textarea id=\"wpforms-25118-field_2\" class=\"wpforms-field-large wpforms-field-required\" name=\"wpforms[fields][2]\" placeholder=\"Ihre Nachricht *\" required><\/textarea><\/div><div id=\"wpforms-25118-field_14-container\" class=\"wpforms-field wpforms-field-checkbox\" data-field-id=\"14\"><ul id=\"wpforms-25118-field_14\" class=\"wpforms-field-required\"><li class=\"choice-1 depth-1\"><input type=\"checkbox\" id=\"wpforms-25118-field_14_1\" name=\"wpforms[fields][14][]\" value=\"Datenschutz (&lt;a href=&quot;..\/..\/..\/datenschutz&quot;&gt;Datenschutzerkl\u00e4rung lesen&lt;\/a&gt;)\" required ><label class=\"wpforms-field-label-inline\" for=\"wpforms-25118-field_14_1\">Datenschutz (<a href=\"..\/..\/..\/datenschutz\">Datenschutzerkl\u00e4rung lesen<\/a>)<\/label><\/li><\/ul><div class=\"wpforms-field-description\">Ich bin damit einverstanden, dass meine Daten f\u00fcr die gesetzlich zul\u00e4ssigen Zwecke verarbeitet und weitergeleitet werden. Ich habe die Hinweise zum Datenschutz gelesen und bin mit deren Geltung ausdr\u00fccklich einverstanden. <\/div><\/div><\/div><!-- .wpforms-field-container --><div class=\"wpforms-field wpforms-field-hp\"><label for=\"wpforms-25118-field-hp\" class=\"wpforms-field-label\">Email<\/label><input type=\"text\" name=\"wpforms[hp]\" id=\"wpforms-25118-field-hp\" class=\"wpforms-field-medium\"><\/div><div class=\"wpforms-submit-container\" ><input type=\"hidden\" name=\"wpforms[id]\" value=\"25118\"><input type=\"hidden\" name=\"page_title\" value=\"\"><input type=\"hidden\" name=\"page_url\" value=\"https:\/\/hgdgmbh.de\/ordermesse\/wp-json\/wp\/v2\/pages\/25108\"><input type=\"hidden\" name=\"url_referer\" value=\"\"><div class=\"frc-captcha \" data-sitekey=\"FCMQO1ONNA0PRRDA\" data-lang=\"de\" ><\/div>\n\t\t<noscript>You need to enable Javascript for the anti-spam check.<\/noscript><button type=\"submit\" name=\"wpforms[submit]\" id=\"wpforms-submit-25118\" class=\"wpforms-submit hgd_senden\" data-alt-text=\"senden...\" data-submit-text=\"absenden\" aria-live=\"assertive\" value=\"wpforms-submit\">absenden<\/button><\/div><\/form><\/div>  <!-- .wpforms-container -->[vc_column_text]* = Pflichtfeld[\/vc_column_text][\/vc_column][\/vc_row][\/vc_section]\n<\/div>","protected":false},"excerpt":{"rendered":"<p>[vc_section full_width=&#8221;stretch_row&#8221; css=&#8221;.vc_custom_1591967561892{padding-top: 100px !important;background-color: #efefef !important;background-position: center !important;background-repeat: no-repeat !important;background-size: cover !important;}&#8221; el_id=&#8221;portrait&#8221;][vc_row fullwidth=&#8221;yes&#8221;][vc_column][vc_single_image image=&#8221;6169&#8243; img_size=&#8221;60&#215;8&#8243; alignment=&#8221;center&#8221;][\/vc_column][\/vc_row][vc_row css=&#8221;.vc_custom_1592298274458{margin-bottom: 50px [&hellip;]<\/p>\n","protected":false},"author":9,"featured_media":0,"parent":7155,"menu_order":0,"comment_status":"closed","ping_status":"closed","template":"","meta":{"footnotes":""},"class_list":["post-25108","page","type-page","status-publish","hentry"],"_links":{"self":[{"href":"https:\/\/hgdgmbh.de\/ordermesse\/wp-json\/wp\/v2\/pages\/25108","targetHints":{"allow":["GET"]}}],"collection":[{"href":"https:\/\/hgdgmbh.de\/ordermesse\/wp-json\/wp\/v2\/pages"}],"about":[{"href":"https:\/\/hgdgmbh.de\/ordermesse\/wp-json\/wp\/v2\/types\/page"}],"author":[{"embeddable":true,"href":"https:\/\/hgdgmbh.de\/ordermesse\/wp-json\/wp\/v2\/users\/9"}],"replies":[{"embeddable":true,"href":"https:\/\/hgdgmbh.de\/ordermesse\/wp-json\/wp\/v2\/comments?post=25108"}],"version-history":[{"count":14,"href":"https:\/\/hgdgmbh.de\/ordermesse\/wp-json\/wp\/v2\/pages\/25108\/revisions"}],"predecessor-version":[{"id":29332,"href":"https:\/\/hgdgmbh.de\/ordermesse\/wp-json\/wp\/v2\/pages\/25108\/revisions\/29332"}],"up":[{"embeddable":true,"href":"https:\/\/hgdgmbh.de\/ordermesse\/wp-json\/wp\/v2\/pages\/7155"}],"wp:attachment":[{"href":"https:\/\/hgdgmbh.de\/ordermesse\/wp-json\/wp\/v2\/media?parent=25108"}],"curies":[{"name":"wp","href":"https:\/\/api.w.org\/{rel}","templated":true}]}}