{"id":16430,"date":"2020-05-15T12:16:13","date_gmt":"2020-05-15T10:16:13","guid":{"rendered":"https:\/\/hgdgmbh.de\/infoportal\/impressum\/"},"modified":"2024-09-30T16:52:35","modified_gmt":"2024-09-30T14:52:35","slug":"impressum","status":"publish","type":"page","link":"https:\/\/hgdgmbh.de\/infoportal\/impressum\/","title":{"rendered":"Impressum"},"content":{"rendered":"<div class=\"wpb-content-wrapper\">[vc_section full_width=&#8221;stretch_row&#8221; css=&#8221;.vc_custom_1588857128266{padding-top: 100px !important;background-color: #efefef !important;}&#8221; el_id=&#8221;kategorien&#8221;][vc_row][vc_column]<div class=\"shortcode-wrapper shortcode-title clearfix hgd\"><h1 class=\"aligncenter\">Impressum<\/h1><\/div>[vc_single_image image=&#8221;6169&#8243; img_size=&#8221;60&#215;8&#8243; alignment=&#8221;center&#8221;][\/vc_column][\/vc_row][vc_row css=&#8221;.vc_custom_1588857028502{padding-bottom: 10px !important;}&#8221;][vc_column][vc_column_text css=&#8221;&#8221;]\n<h2>Betreiber dieser Website:<\/h2>\n<p>HGD Haus und Garten Deutschland Handelskooperation GmbH<br \/>\nLauterbergstra\u00dfe 1\u20135<br \/>\n76137 Karlsruhe<\/p>\n<p>Telefon <a href=\"tel:+497213520\">+49 721 352-0<\/a><br \/>\nFax +49 721 352-254483<br \/>\nE-Mail <a href=\"mailto:info@hgdgmbh.de\">info@hgdgmbh.de<\/a><br \/>\nWeb <a href=\"..\/\">www.hgdgmbh.de<\/a><\/p>\n<p>Gesch\u00e4ftsf\u00fchrung: Michael Hess<br \/>\nHandelsregister\/Registergericht: Amtsgericht Mannheim, HRB 731270<br \/>\nRechtsform: GmbH<br \/>\nSitz der Gesellschaft: Karlsruhe<br \/>\nUmsatzsteuer-Identifikationsnummer: DE 319937411<br \/>\nInhaltlich Verantwortlicher gem\u00e4\u00df \u00a7 55 Abs. 2 RStV: Michael Hess<\/p>\n<h2>Streitschlichtung<\/h2>\n<p>Die Europ\u00e4ische Kommission stellt eine Plattform zur Online-Streitbeilegung (OS) bereit: <a href=\"https:\/\/ec.europa.eu\/consumers\/odr\">https:\/\/ec.europa.eu\/consumers\/odr<\/a>.<\/p>\n<p>Unsere E-Mail-Adresse finden Sie oben im Impressum.<\/p>\n<p>Wir sind nicht bereit oder verpflichtet, an Streitbeilegungsverfahren vor einer Verbraucherschlichtungsstelle teilzunehmen.<\/p>\n<h2>Haftung f\u00fcr Inhalte<\/h2>\n<h3>Urheberrecht<\/h3>\n<p>Die durch die Seitenbetreiber erstellten Inhalte und Werke auf diesen Seiten unterliegen dem deutschen Urheberrecht. Die Vervielf\u00e4ltigung, Bearbeitung, Verbreitung und jede Art der Verwertung au\u00dferhalb der Grenzen des Urheberrechtes bed\u00fcrfen der schriftlichen Zustimmung des jeweiligen Autors bzw. Erstellers. Downloads und Kopien dieser Seite sind nur f\u00fcr den privaten, nicht kommerziellen Gebrauch gestattet.<\/p>\n<p>Soweit die Inhalte auf dieser Seite nicht vom Betreiber erstellt wurden, werden die Urheberrechte Dritter beachtet. Insbesondere werden Inhalte Dritter als solche gekennzeichnet. Sollten Sie trotzdem auf eine Urheberrechtsverletzung aufmerksam werden, bitten wir um einen entsprechenden Hinweis. Bei Bekanntwerden von Rechtsverletzungen werden wir derartige Inhalte umgehend entfernen.[\/vc_column_text][\/vc_column][\/vc_row][\/vc_section]\n<\/div>","protected":false},"excerpt":{"rendered":"<p>[vc_section full_width=&#8221;stretch_row&#8221; css=&#8221;.vc_custom_1588857128266{padding-top: 100px !important;background-color: #efefef !important;}&#8221; el_id=&#8221;kategorien&#8221;][vc_row][vc_column][vc_single_image image=&#8221;6169&#8243; img_size=&#8221;60&#215;8&#8243; alignment=&#8221;center&#8221;][\/vc_column][\/vc_row][vc_row css=&#8221;.vc_custom_1588857028502{padding-bottom: 10px !important;}&#8221;][vc_column][vc_column_text css=&#8221;&#8221;] Betreiber dieser Website: HGD Haus [&hellip;]<\/p>\n","protected":false},"author":9,"featured_media":0,"parent":0,"menu_order":12,"comment_status":"closed","ping_status":"closed","template":"","meta":{"footnotes":""},"class_list":["post-16430","page","type-page","status-publish","hentry"],"_links":{"self":[{"href":"https:\/\/hgdgmbh.de\/infoportal\/wp-json\/wp\/v2\/pages\/16430","targetHints":{"allow":["GET"]}}],"collection":[{"href":"https:\/\/hgdgmbh.de\/infoportal\/wp-json\/wp\/v2\/pages"}],"about":[{"href":"https:\/\/hgdgmbh.de\/infoportal\/wp-json\/wp\/v2\/types\/page"}],"author":[{"embeddable":true,"href":"https:\/\/hgdgmbh.de\/infoportal\/wp-json\/wp\/v2\/users\/9"}],"replies":[{"embeddable":true,"href":"https:\/\/hgdgmbh.de\/infoportal\/wp-json\/wp\/v2\/comments?post=16430"}],"version-history":[{"count":3,"href":"https:\/\/hgdgmbh.de\/infoportal\/wp-json\/wp\/v2\/pages\/16430\/revisions"}],"predecessor-version":[{"id":17549,"href":"https:\/\/hgdgmbh.de\/infoportal\/wp-json\/wp\/v2\/pages\/16430\/revisions\/17549"}],"wp:attachment":[{"href":"https:\/\/hgdgmbh.de\/infoportal\/wp-json\/wp\/v2\/media?parent=16430"}],"curies":[{"name":"wp","href":"https:\/\/api.w.org\/{rel}","templated":true}]}}