{"id":14930,"date":"2021-02-24T11:38:07","date_gmt":"2021-02-24T10:38:07","guid":{"rendered":"https:\/\/hgdgmbh.de\/infoportal\/?page_id=14930"},"modified":"2022-11-29T09:35:32","modified_gmt":"2022-11-29T08:35:32","slug":"ladenbau","status":"publish","type":"page","link":"https:\/\/hgdgmbh.de\/infoportal\/ladenbau\/","title":{"rendered":"Ladenbau"},"content":{"rendered":"<div class=\"wpb-content-wrapper\">[vc_section css=&#8221;.vc_custom_1669710911977{padding-top: 0px !important;background-color: #efefef !important;}&#8221;][vc_row][vc_column]\n\t\t\t\t<p class=\"rs-p-wp-fix\"><\/p>\n\t\t\t\t<sr7-module data-alias=\"banner_info_portal_dienstleister-1\" data-id=\"8\" id=\"SR7_8_1\" data-version=\"6.7.51\">\n\t\t\t\t\t<sr7-adjuster><\/sr7-adjuster>\n\t\t\t\t\t<sr7-content>\n\t\t\t\t\t\t<sr7-slide id=\"SR7_8_1-8\" data-key=\"8\">\n\t\t\t\t\t\t<\/sr7-slide>\n\t\t\t\t\t\t<sr7-slide id=\"SR7_8_1-33\" data-key=\"33\">\n\t\t\t\t\t\t<\/sr7-slide>\n\t\t\t\t\t<\/sr7-content>\n\t\t\t\t<\/sr7-module>\n\t\t\t\t<script>\n\t\t\t\t\twindow.SR7 ??={};SR7.PMH ??={}; SR7.PMH[\"SR7_8_1\"] = {cn:100,state:false,fn: function() { if (window._tpt!==undefined && window._tpt.prepareModuleHeight !== undefined) {  _tpt.prepareModuleHeight({id:\"SR7_8_1\",el:[500],type:'standard',shdw:'0',gh:[500],gw:[2560],vpt:['-200px'],size:{fullWidth:true, fullHeight:false},mh:'0',onh:0,onw:0,bg:{color:'transparent'},plType:'0',plColor:'#ffffff'});   SR7.PMH[\"SR7_8_1\"].state=true;} else if(SR7.PMH[\"SR7_8_1\"].cn-->0)\tsetTimeout( SR7.PMH[\"SR7_8_1\"].fn,19);}};SR7.PMH[\"SR7_8_1\" ].fn();\n\t\t\t\t<\/script>\n[\/vc_column][\/vc_row][\/vc_section][vc_section full_width=&#8221;stretch_row&#8221; css=&#8221;.vc_custom_1669710931364{margin-top: -20px !important;padding-top: 100px !important;background-color: #efefef !important;}&#8221; el_id=&#8221;kategorien&#8221;][vc_row][vc_column]<div class=\"shortcode-wrapper shortcode-title clearfix hgd\"><h1 class=\"aligncenter\">Ladenbau.<\/h1><\/div>[vc_single_image image=&#8221;6169&#8243; img_size=&#8221;60&#215;8&#8243; alignment=&#8221;center&#8221;][vc_column_text css=&#8221;.vc_custom_1616595550266{padding-top: 20px !important;padding-right: 20px !important;padding-bottom: 20px !important;padding-left: 20px !important;background-color: #ffffff !important;}&#8221;]\n<p style=\"text-align: center;\">Ein einzigartiges Ladenkonzept l\u00e4\u00dft den Einkauf in Ihrem Markt jeden Tag zu einem ganz besonderen Erlebnis werden.<br \/>\nDabei unterst\u00fctzen wir Sie mit Modul unterschiedlichster Varianten und Gr\u00f6\u00dfen sowie diversen Konzepten f\u00fcr Wechselfl\u00e4chen.<\/p>\n[\/vc_column_text][\/vc_column][\/vc_row][\/vc_section][vc_section full_width=&#8221;stretch_row&#8221; css=&#8221;.vc_custom_1616773654052{padding-top: 75px !important;}&#8221;][vc_row][vc_column][vc_media_grid style=&#8221;pagination&#8221; items_per_page=&#8221;4&#8243; element_width=&#8221;3&#8243; gap=&#8221;30&#8243; arrows_design=&#8221;vc_arrow-icon-arrow_01_left&#8221; arrows_position=&#8221;outside&#8221; arrows_color=&#8221;black&#8221; paging_design=&#8221;none&#8221; loop=&#8221;yes&#8221; autoplay=&#8221;5&#8243; grid_id=&#8221;vc_gid:1669710899074-1db38302-72bd-9&#8243; include=&#8221;15217,15218,15219,15220,15221,15222,15223,15224&#8243; paging_animation_in=&#8221;none&#8221; paging_animation_out=&#8221;none&#8221;][\/vc_column][\/vc_row][\/vc_section][vc_section full_width=&#8221;stretch_row&#8221; css=&#8221;.vc_custom_1616773331900{padding-bottom: 5px !important;background-image: url(https:\/\/hgdgmbh.de\/infoportal\/wp-content\/uploads\/sites\/5\/2021\/03\/Higru_Startseite_Flipboxen_shutterstock_58167145-1-scaled.jpg?id=15065) !important;background-position: center !important;background-repeat: no-repeat !important;background-size: cover !important;}&#8221;][vc_row css=&#8221;.vc_custom_1588857028502{padding-bottom: 10px !important;}&#8221;][vc_column width=&#8221;1\/3&#8243;][vc_hoverbox image=&#8221;16636&#8243; primary_title=&#8221;&#8221; hover_title=&#8221;&#8221; shape=&#8221;square&#8221; hover_background_color=&#8221;custom&#8221; hover_btn_title=&#8221;Mehr erfahren&#8221; hover_btn_align=&#8221;center&#8221; css_animation=&#8221;fadeIn&#8221; hover_add_button=&#8221;true&#8221; hover_custom_background=&#8221;#ffffff&#8221; hover_btn_link=&#8221;url:https%3A%2F%2Fhgdgmbh.de%2Finfoportal%2Fladenbau%2Fmodule%2F|title:Module&#8221;][\/vc_hoverbox][\/vc_column][vc_column width=&#8221;1\/3&#8243;][vc_hoverbox image=&#8221;16627&#8243; primary_title=&#8221;&#8221; hover_title=&#8221;&#8221; shape=&#8221;square&#8221; hover_background_color=&#8221;custom&#8221; hover_btn_title=&#8221;Mehr erfahren&#8221; hover_btn_align=&#8221;center&#8221; css_animation=&#8221;fadeIn&#8221; hover_add_button=&#8221;true&#8221; hover_custom_background=&#8221;#ffffff&#8221; hover_btn_link=&#8221;url:https%3A%2F%2Fhgdgmbh.de%2Finfoportal%2Fladenbau%2Fwechselflaechen%2F|title:Wechselfl%C3%A4chen&#8221;][\/vc_hoverbox][\/vc_column][vc_column width=&#8221;1\/3&#8243;][vc_hoverbox image=&#8221;16630&#8243; primary_title=&#8221;&#8221; hover_title=&#8221;&#8221; shape=&#8221;square&#8221; hover_background_color=&#8221;custom&#8221; hover_btn_title=&#8221;Mehr erfahren&#8221; hover_btn_align=&#8221;center&#8221; css_animation=&#8221;fadeIn&#8221; hover_add_button=&#8221;true&#8221; hover_custom_background=&#8221;#ffffff&#8221; hover_btn_link=&#8221;url:https%3A%2F%2Fhgdgmbh.de%2Finfoportal%2Fladenbau%2Fdienstleister%2F|title:Dienstleister&#8221;][\/vc_hoverbox][\/vc_column][\/vc_row][\/vc_section]\n<\/div>","protected":false},"excerpt":{"rendered":"<p>[vc_section css=&#8221;.vc_custom_1669710911977{padding-top: 0px !important;background-color: #efefef !important;}&#8221;][vc_row][vc_column][\/vc_column][\/vc_row][\/vc_section][vc_section full_width=&#8221;stretch_row&#8221; css=&#8221;.vc_custom_1669710931364{margin-top: -20px !important;padding-top: 100px !important;background-color: #efefef !important;}&#8221; el_id=&#8221;kategorien&#8221;][vc_row][vc_column][vc_single_image image=&#8221;6169&#8243; img_size=&#8221;60&#215;8&#8243; alignment=&#8221;center&#8221;][vc_column_text css=&#8221;.vc_custom_1616595550266{padding-top: 20px [&hellip;]<\/p>\n","protected":false},"author":9,"featured_media":0,"parent":14843,"menu_order":4,"comment_status":"closed","ping_status":"closed","template":"","meta":{"footnotes":""},"class_list":["post-14930","page","type-page","status-publish","hentry"],"_links":{"self":[{"href":"https:\/\/hgdgmbh.de\/infoportal\/wp-json\/wp\/v2\/pages\/14930","targetHints":{"allow":["GET"]}}],"collection":[{"href":"https:\/\/hgdgmbh.de\/infoportal\/wp-json\/wp\/v2\/pages"}],"about":[{"href":"https:\/\/hgdgmbh.de\/infoportal\/wp-json\/wp\/v2\/types\/page"}],"author":[{"embeddable":true,"href":"https:\/\/hgdgmbh.de\/infoportal\/wp-json\/wp\/v2\/users\/9"}],"replies":[{"embeddable":true,"href":"https:\/\/hgdgmbh.de\/infoportal\/wp-json\/wp\/v2\/comments?post=14930"}],"version-history":[{"count":17,"href":"https:\/\/hgdgmbh.de\/infoportal\/wp-json\/wp\/v2\/pages\/14930\/revisions"}],"predecessor-version":[{"id":17129,"href":"https:\/\/hgdgmbh.de\/infoportal\/wp-json\/wp\/v2\/pages\/14930\/revisions\/17129"}],"up":[{"embeddable":true,"href":"https:\/\/hgdgmbh.de\/infoportal\/wp-json\/wp\/v2\/pages\/14843"}],"wp:attachment":[{"href":"https:\/\/hgdgmbh.de\/infoportal\/wp-json\/wp\/v2\/media?parent=14930"}],"curies":[{"name":"wp","href":"https:\/\/api.w.org\/{rel}","templated":true}]}}