{"id":14864,"date":"2021-02-17T13:05:08","date_gmt":"2021-02-17T12:05:08","guid":{"rendered":"https:\/\/hgdgmbh.de\/infoportal\/?page_id=14864"},"modified":"2021-09-08T11:44:49","modified_gmt":"2021-09-08T09:44:49","slug":"faq","status":"publish","type":"page","link":"https:\/\/hgdgmbh.de\/infoportal\/sonstiges\/faq\/","title":{"rendered":"FAQ"},"content":{"rendered":"<div class=\"wpb-content-wrapper\">[vc_section full_width=&#8221;stretch_row&#8221; css=&#8221;.vc_custom_1590666240313{padding-top: 100px !important;padding-bottom: 100px !important;background-color: #efefef !important;}&#8221; el_id=&#8221;einstieg&#8221;][vc_row][vc_column]<div class=\"shortcode-wrapper shortcode-title clearfix hgd\"><h1 class=\"aligncenter\">FAQ: Antworten auf die h\u00e4ufigsten Fragen.<\/h1><\/div>[vc_single_image image=&#8221;6169&#8243; img_size=&#8221;60&#215;8&#8243; alignment=&#8221;center&#8221;][\/vc_column][\/vc_row][vc_row][vc_column width=&#8221;3\/4&#8243;]<div class=\"faq-module-wrapper\">\t\t\t\t<div id=\"listung-vermisst\" class=\"hb-toggle info-portal\">\n\t\t\t\t\t<div class=\"hb-accordion-single\">\n\n\t\t\t\t\t\t<div class=\"hb-accordion-tab\">\n\t\t\t\t\t\t\t<i class=\"hb-moon-plus-circle\"><\/i>\n\t\t\t\t\t\t\tListung vermisst?\t\t\t\t\t\t\t<i class=\"icon-angle-right\"><\/i>\n\t\t\t\t\t\t<\/div>\n\n\t\t\t\t\t\t<div class=\"hb-accordion-pane\" style=\"display: none;\">\n\t\t\t\t\t\t\t<p>Sollte eine Listung nicht auf dem Info Portal aufgef\u00fchrt sein, nehmen Sie bitte Kontakt mit dem verantwortlichen Sortimentsmanager auf.<\/p>\n\t\t\t\t\t\t<\/div>\n\t\t\t\t\t<\/div>\n\t\t\t\t<\/div>\n\t\t\t\t\t\t\t\t<div id=\"listungen-eigenmarken\" class=\"hb-toggle info-portal\">\n\t\t\t\t\t<div class=\"hb-accordion-single\">\n\n\t\t\t\t\t\t<div class=\"hb-accordion-tab\">\n\t\t\t\t\t\t\t<i class=\"hb-moon-plus-circle\"><\/i>\n\t\t\t\t\t\t\tListungen Eigenmarken\t\t\t\t\t\t\t<i class=\"icon-angle-right\"><\/i>\n\t\t\t\t\t\t<\/div>\n\n\t\t\t\t\t\t<div class=\"hb-accordion-pane\" style=\"display: none;\">\n\t\t\t\t\t\t\t<p>Eigenmarken-Listungen sind ausschlie\u00dflich im Bereich \u201eEigenmarken\u201d zu finden.<\/p>\n\t\t\t\t\t\t<\/div>\n\t\t\t\t\t<\/div>\n\t\t\t\t<\/div>\n\t\t\t\t\t\t\t\t<div id=\"passwort-vergessen\" class=\"hb-toggle info-portal\">\n\t\t\t\t\t<div class=\"hb-accordion-single\">\n\n\t\t\t\t\t\t<div class=\"hb-accordion-tab\">\n\t\t\t\t\t\t\t<i class=\"hb-moon-plus-circle\"><\/i>\n\t\t\t\t\t\t\tPasswort vergessen?\t\t\t\t\t\t\t<i class=\"icon-angle-right\"><\/i>\n\t\t\t\t\t\t<\/div>\n\n\t\t\t\t\t\t<div class=\"hb-accordion-pane\" style=\"display: none;\">\n\t\t\t\t\t\t\t<p>Sollten Sie Ihr Passwort vergessen haben, klicken Sie auf Passwort vergessen, unterhalb der Eingabefelder. Geben Sie dann Ihre E-Mail Adresse ein. Ihnen wird ein Link zur Vergabe eines neuen Passworts zugesendet.<\/p>\n\t\t\t\t\t\t<\/div>\n\t\t\t\t\t<\/div>\n\t\t\t\t<\/div>\n\t\t\t\t\t\t\t\t<div id=\"technische-voraussetzungen\" class=\"hb-toggle info-portal\">\n\t\t\t\t\t<div class=\"hb-accordion-single\">\n\n\t\t\t\t\t\t<div class=\"hb-accordion-tab\">\n\t\t\t\t\t\t\t<i class=\"hb-moon-plus-circle\"><\/i>\n\t\t\t\t\t\t\tTechnische Voraussetzungen\t\t\t\t\t\t\t<i class=\"icon-angle-right\"><\/i>\n\t\t\t\t\t\t<\/div>\n\n\t\t\t\t\t\t<div class=\"hb-accordion-pane\" style=\"display: none;\">\n\t\t\t\t\t\t\t<p>Die folgenden Browser k\u00f6nnen zur Nutzung des Info Portals verwendet werden:<\/p>\n<p>&#8211; Google Chrome<br \/>\n&#8211; Mozilla Firefox<br \/>\n&#8211;\u00a0Apple Safari<br \/>\n&#8211;\u00a0Microsoft Edge<\/p>\n<p>Wir empfehlen die Verwendung von Google Chrome oder Mozilla Firefox. Grunds\u00e4tzlich empfehlen wir, immer die aktuellste Version des gew\u00e4hlten Browsers zu benutzen.<\/p>\n<p>F\u00fcr die Nutzung der Seite ist die \u00fcblicherweise von den Netzbetreibern angebotene Bandbreite im Normalfall ausreichend. Bei niedrigen Bandbreiten kann z.B. beim Abspielen von Videos oder dem Download von Pr\u00e4sentationen das Nutzungserlebnis beeintr\u00e4chtigt sein.<\/p>\n\t\t\t\t\t\t<\/div>\n\t\t\t\t\t<\/div>\n\t\t\t\t<\/div>\n\t\t\t\t\t\t\t\t<div id=\"kontakt-informationen\" class=\"hb-toggle info-portal\">\n\t\t\t\t\t<div class=\"hb-accordion-single\">\n\n\t\t\t\t\t\t<div class=\"hb-accordion-tab\">\n\t\t\t\t\t\t\t<i class=\"hb-moon-plus-circle\"><\/i>\n\t\t\t\t\t\t\tKontakt-Informationen\t\t\t\t\t\t\t<i class=\"icon-angle-right\"><\/i>\n\t\t\t\t\t\t<\/div>\n\n\t\t\t\t\t\t<div class=\"hb-accordion-pane\" style=\"display: none;\">\n\t\t\t\t\t\t\t<p>Das HGD Team steht Ihnen f\u00fcr alle Fragen sehr gerne zur Verf\u00fcgung. Unsere Kontaktdaten finden Sie im Hauptmen\u00fcpunkt \u201eTeam\u201c.<\/p>\n<p>Gerne k\u00f6nnen Sie uns auch \u00fcber unser Kontaktformular anschreiben. Dieses finden Sie im Hauptmen\u00fcpunkt \u201eSonstiges\u201c unter \u201eKontakt\u201c.<\/p>\n\t\t\t\t\t\t<\/div>\n\t\t\t\t\t<\/div>\n\t\t\t\t<\/div>\n\t\t\t\t<\/div>[\/vc_column][vc_column width=&#8221;1\/4&#8243;]<div class=\"wpforms-container wpforms-container-full hgd_kontakt\" id=\"wpforms-15127\"><form id=\"wpforms-form-15127\" class=\"wpforms-validate wpforms-form\" data-formid=\"15127\" method=\"post\" enctype=\"multipart\/form-data\" action=\"\/infoportal\/wp-json\/wp\/v2\/pages\/14864\" data-token=\"dd4f4bb28f46be9ccc4093f3572cfcf9\" data-token-time=\"1775633759\"><div class=\"wpforms-head-container\"><div class=\"wpforms-title\">Stellen Sie eine Frage<\/div><\/div><noscript class=\"wpforms-error-noscript\">Bitte aktivieren Sie JavaScript in Ihrem Browser, um dieses Formular fertigzustellen.<\/noscript><div class=\"wpforms-field-container\"><div id=\"wpforms-15127-field_15-container\" class=\"wpforms-field wpforms-field-email\" data-field-id=\"15\"><label class=\"wpforms-field-label\" for=\"wpforms-15127-field_15\">E-Mail <span class=\"wpforms-required-label\">*<\/span><\/label><input type=\"email\" id=\"wpforms-15127-field_15\" class=\"wpforms-field-large wpforms-field-required\" name=\"wpforms[fields][15]\" spellcheck=\"false\" required><\/div><div id=\"wpforms-15127-field_2-container\" class=\"wpforms-field wpforms-field-textarea\" data-field-id=\"2\"><textarea id=\"wpforms-15127-field_2\" class=\"wpforms-field-large wpforms-field-required\" name=\"wpforms[fields][2]\" placeholder=\"Ihre Frage *\" required><\/textarea><\/div><\/div><!-- .wpforms-field-container --><div class=\"wpforms-field wpforms-field-hp\"><label for=\"wpforms-15127-field-hp\" class=\"wpforms-field-label\">Message<\/label><input type=\"text\" name=\"wpforms[hp]\" id=\"wpforms-15127-field-hp\" class=\"wpforms-field-medium\"><\/div><div class=\"wpforms-submit-container\" ><input type=\"hidden\" name=\"wpforms[id]\" value=\"15127\"><input type=\"hidden\" name=\"page_title\" value=\"\"><input type=\"hidden\" name=\"page_url\" value=\"https:\/\/hgdgmbh.de\/infoportal\/wp-json\/wp\/v2\/pages\/14864\"><input type=\"hidden\" name=\"url_referer\" value=\"\"><div class=\"frc-captcha \" data-sitekey=\"FCMQO1ONNA0PRRDA\" data-lang=\"de\" ><\/div>\n\t\t<noscript>You need to enable Javascript for the anti-spam check.<\/noscript><button type=\"submit\" name=\"wpforms[submit]\" id=\"wpforms-submit-15127\" class=\"wpforms-submit hgd_senden\" data-alt-text=\"senden...\" data-submit-text=\"absenden\" aria-live=\"assertive\" value=\"wpforms-submit\">absenden<\/button><\/div><\/form><\/div>  <!-- .wpforms-container -->[\/vc_column][\/vc_row][\/vc_section]\n<\/div>","protected":false},"excerpt":{"rendered":"<p>[vc_section full_width=&#8221;stretch_row&#8221; css=&#8221;.vc_custom_1590666240313{padding-top: 100px !important;padding-bottom: 100px !important;background-color: #efefef !important;}&#8221; el_id=&#8221;einstieg&#8221;][vc_row][vc_column][vc_single_image image=&#8221;6169&#8243; img_size=&#8221;60&#215;8&#8243; alignment=&#8221;center&#8221;][\/vc_column][\/vc_row][vc_row][vc_column width=&#8221;3\/4&#8243;][\/vc_column][vc_column width=&#8221;1\/4&#8243;][\/vc_column][\/vc_row][\/vc_section]<\/p>\n","protected":false},"author":9,"featured_media":0,"parent":14983,"menu_order":8,"comment_status":"closed","ping_status":"closed","template":"","meta":{"footnotes":""},"class_list":["post-14864","page","type-page","status-publish","hentry"],"_links":{"self":[{"href":"https:\/\/hgdgmbh.de\/infoportal\/wp-json\/wp\/v2\/pages\/14864","targetHints":{"allow":["GET"]}}],"collection":[{"href":"https:\/\/hgdgmbh.de\/infoportal\/wp-json\/wp\/v2\/pages"}],"about":[{"href":"https:\/\/hgdgmbh.de\/infoportal\/wp-json\/wp\/v2\/types\/page"}],"author":[{"embeddable":true,"href":"https:\/\/hgdgmbh.de\/infoportal\/wp-json\/wp\/v2\/users\/9"}],"replies":[{"embeddable":true,"href":"https:\/\/hgdgmbh.de\/infoportal\/wp-json\/wp\/v2\/comments?post=14864"}],"version-history":[{"count":10,"href":"https:\/\/hgdgmbh.de\/infoportal\/wp-json\/wp\/v2\/pages\/14864\/revisions"}],"predecessor-version":[{"id":16759,"href":"https:\/\/hgdgmbh.de\/infoportal\/wp-json\/wp\/v2\/pages\/14864\/revisions\/16759"}],"up":[{"embeddable":true,"href":"https:\/\/hgdgmbh.de\/infoportal\/wp-json\/wp\/v2\/pages\/14983"}],"wp:attachment":[{"href":"https:\/\/hgdgmbh.de\/infoportal\/wp-json\/wp\/v2\/media?parent=14864"}],"curies":[{"name":"wp","href":"https:\/\/api.w.org\/{rel}","templated":true}]}}